{"id":11297,"date":"2022-07-11T18:04:23","date_gmt":"2022-07-11T18:04:23","guid":{"rendered":"https:\/\/sopenabarcelona.org\/carta-de-movilidad-erasmus\/"},"modified":"2023-05-23T09:29:09","modified_gmt":"2023-05-23T09:29:09","slug":"carta-de-movilidad-erasmus","status":"publish","type":"page","link":"https:\/\/sopenabarcelona.org\/es\/carta-de-movilidad-erasmus\/","title":{"rendered":"Carta de movilidad Erasmus+"},"content":{"rendered":"\t\t<div data-elementor-type=\"wp-page\" data-elementor-id=\"11297\" class=\"elementor elementor-11297 elementor-8228\" data-elementor-post-type=\"page\">\n\t\t\t\t\t\t<section class=\"elementor-section elementor-top-section elementor-element elementor-element-60ccef7b elementor-section-full_width elementor-section-height-min-height elementor-section-height-default elementor-section-items-middle\" data-id=\"60ccef7b\" data-element_type=\"section\" data-e-type=\"section\" data-settings=\"{&quot;background_background&quot;:&quot;classic&quot;,&quot;shape_divider_bottom&quot;:&quot;mountains&quot;}\">\n\t\t\t\t\t<div class=\"elementor-shape elementor-shape-bottom\" aria-hidden=\"true\" data-negative=\"false\">\n\t\t\t<svg xmlns=\"http:\/\/www.w3.org\/2000\/svg\" viewBox=\"0 0 1000 100\" preserveAspectRatio=\"none\">\n\t<path class=\"elementor-shape-fill\" opacity=\"0.33\" d=\"M473,67.3c-203.9,88.3-263.1-34-320.3,0C66,119.1,0,59.7,0,59.7V0h1000v59.7 c0,0-62.1,26.1-94.9,29.3c-32.8,3.3-62.8-12.3-75.8-22.1C806,49.6,745.3,8.7,694.9,4.7S492.4,59,473,67.3z\"\/>\n\t<path class=\"elementor-shape-fill\" opacity=\"0.66\" d=\"M734,67.3c-45.5,0-77.2-23.2-129.1-39.1c-28.6-8.7-150.3-10.1-254,39.1 s-91.7-34.4-149.2,0C115.7,118.3,0,39.8,0,39.8V0h1000v36.5c0,0-28.2-18.5-92.1-18.5C810.2,18.1,775.7,67.3,734,67.3z\"\/>\n\t<path class=\"elementor-shape-fill\" d=\"M766.1,28.9c-200-57.5-266,65.5-395.1,19.5C242,1.8,242,5.4,184.8,20.6C128,35.8,132.3,44.9,89.9,52.5C28.6,63.7,0,0,0,0 h1000c0,0-9.9,40.9-83.6,48.1S829.6,47,766.1,28.9z\"\/>\n<\/svg>\t\t<\/div>\n\t\t\t\t\t<div class=\"elementor-container elementor-column-gap-default\">\n\t\t\t\t\t<div class=\"elementor-column elementor-col-100 elementor-top-column elementor-element elementor-element-c8c9b45\" data-id=\"c8c9b45\" data-element_type=\"column\" data-e-type=\"column\">\n\t\t\t<div class=\"elementor-widget-wrap elementor-element-populated\">\n\t\t\t\t\t\t<div class=\"elementor-element elementor-element-9466a5c elementor-widget elementor-widget-image\" data-id=\"9466a5c\" data-element_type=\"widget\" data-e-type=\"widget\" data-widget_type=\"image.default\">\n\t\t\t\t<div class=\"elementor-widget-container\">\n\t\t\t\t\t\t\t\t\t\t\t\t\t\t\t<img fetchpriority=\"high\" decoding=\"async\" width=\"1315\" height=\"505\" src=\"https:\/\/sopenabarcelona.org\/wp-content\/uploads\/2023\/03\/europa-aspect-ratio-1315-505-e1678467147948.jpg\" class=\"attachment-2048x2048 size-2048x2048 wp-image-14438\" alt=\"ERASMUS SOPE\u00d1A BARCELONA\" \/>\t\t\t\t\t\t\t\t\t\t\t\t\t\t\t<\/div>\n\t\t\t\t<\/div>\n\t\t\t\t<div class=\"elementor-element elementor-element-44110c4 elementor-widget elementor-widget-heading\" data-id=\"44110c4\" data-element_type=\"widget\" data-e-type=\"widget\" data-widget_type=\"heading.default\">\n\t\t\t\t<div class=\"elementor-widget-container\">\n\t\t\t\t\t<h2 class=\"elementor-heading-title elementor-size-default\">ERASMUS CICLOS FORMATIVOS<\/h2>\t\t\t\t<\/div>\n\t\t\t\t<\/div>\n\t\t\t\t\t<\/div>\n\t\t<\/div>\n\t\t\t\t\t<\/div>\n\t\t<\/section>\n\t\t\t\t<section class=\"elementor-section elementor-top-section elementor-element elementor-element-a3efa6e elementor-section-content-middle elementor-section-boxed elementor-section-height-default elementor-section-height-default\" data-id=\"a3efa6e\" data-element_type=\"section\" data-e-type=\"section\">\n\t\t\t\t\t\t<div class=\"elementor-container elementor-column-gap-wider\">\n\t\t\t\t\t<div class=\"elementor-column elementor-col-50 elementor-top-column elementor-element elementor-element-68564aa\" data-id=\"68564aa\" data-element_type=\"column\" data-e-type=\"column\">\n\t\t\t<div class=\"elementor-widget-wrap elementor-element-populated\">\n\t\t\t\t\t\t<div class=\"elementor-element elementor-element-d4c36bf elementor-widget elementor-widget-heading\" data-id=\"d4c36bf\" data-element_type=\"widget\" data-e-type=\"widget\" data-widget_type=\"heading.default\">\n\t\t\t\t<div class=\"elementor-widget-container\">\n\t\t\t\t\t<h2 class=\"elementor-heading-title elementor-size-default\">Escuela Sope\u00f1a Barcelona<\/h2>\t\t\t\t<\/div>\n\t\t\t\t<\/div>\n\t\t\t\t<div class=\"elementor-element elementor-element-abfa098 elementor-widget elementor-widget-text-editor\" data-id=\"abfa098\" data-element_type=\"widget\" data-e-type=\"widget\" data-widget_type=\"text-editor.default\">\n\t\t\t\t<div class=\"elementor-widget-container\">\n\t\t\t\t\t\t\t\t\t<p>En la Escola Sope\u00f1a ofrecemos el proyecto Erasmus gracias a la coordinaci\u00f3n de la Fundaci\u00f3 BCN Formaci\u00f3 Professional.<\/p><p><strong>El alumnado matriculado en cualquier CFGM<\/strong> de nuestra escuela puede optar a la beca Erasmus+ por ir a realizar parte de la formaci\u00f3n en centros de trabajos (FCT) o pr\u00e1cticas no remuneradas a empresas que se encuentran en otros pa\u00edses de la UE.<\/p><p>El objetivo de esta beca es la estancia en otro pa\u00eds, durante 2-3 meses. Puede optar tanto alumnado de primer curso como de segundo curso. La estancia se realiza durante los meses en los que no existen clases lectivas o durante un tercer a\u00f1o por las personas que se dejan las FCT.<\/p><p>\u00a0<\/p><p>\u00a0<\/p>\t\t\t\t\t\t\t\t<\/div>\n\t\t\t\t<\/div>\n\t\t\t\t<section class=\"elementor-section elementor-inner-section elementor-element elementor-element-1025c81 elementor-section-boxed elementor-section-height-default elementor-section-height-default\" data-id=\"1025c81\" data-element_type=\"section\" data-e-type=\"section\">\n\t\t\t\t\t\t<div class=\"elementor-container elementor-column-gap-default\">\n\t\t\t\t\t<div class=\"elementor-column elementor-col-100 elementor-inner-column elementor-element elementor-element-e0a83d0\" data-id=\"e0a83d0\" data-element_type=\"column\" data-e-type=\"column\">\n\t\t\t<div class=\"elementor-widget-wrap elementor-element-populated\">\n\t\t\t\t\t\t<div class=\"elementor-element elementor-element-e2eb274 elementor-widget elementor-widget-spacer\" data-id=\"e2eb274\" data-element_type=\"widget\" data-e-type=\"widget\" data-widget_type=\"spacer.default\">\n\t\t\t\t<div class=\"elementor-widget-container\">\n\t\t\t\t\t\t\t<div class=\"elementor-spacer\">\n\t\t\t<div class=\"elementor-spacer-inner\"><\/div>\n\t\t<\/div>\n\t\t\t\t\t\t<\/div>\n\t\t\t\t<\/div>\n\t\t\t\t\t<\/div>\n\t\t<\/div>\n\t\t\t\t\t<\/div>\n\t\t<\/section>\n\t\t\t\t<section class=\"elementor-section elementor-inner-section elementor-element elementor-element-70f55f4 elementor-section-boxed elementor-section-height-default elementor-section-height-default\" data-id=\"70f55f4\" data-element_type=\"section\" data-e-type=\"section\" data-settings=\"{&quot;background_background&quot;:&quot;classic&quot;}\">\n\t\t\t\t\t\t\t<div class=\"elementor-background-overlay\"><\/div>\n\t\t\t\t\t\t\t<div class=\"elementor-container elementor-column-gap-default\">\n\t\t\t\t\t<div class=\"elementor-column elementor-col-50 elementor-inner-column elementor-element elementor-element-13378a4\" data-id=\"13378a4\" data-element_type=\"column\" data-e-type=\"column\">\n\t\t\t<div class=\"elementor-widget-wrap elementor-element-populated\">\n\t\t\t\t\t\t<div class=\"elementor-element elementor-element-c884943 elementor-align-center elementor-widget elementor-widget-button\" data-id=\"c884943\" data-element_type=\"widget\" data-e-type=\"widget\" data-widget_type=\"button.default\">\n\t\t\t\t<div class=\"elementor-widget-container\">\n\t\t\t\t\t\t\t\t\t<div class=\"elementor-button-wrapper\">\n\t\t\t\t\t<a class=\"elementor-button elementor-button-link elementor-size-sm\" href=\"http:\/\/sopenabarcelona.org\/documents\/solicitud_erasmus.pdf\" target=\"_blank\">\n\t\t\t\t\t\t<span class=\"elementor-button-content-wrapper\">\n\t\t\t\t\t\t\t\t\t<span class=\"elementor-button-text\">Hoja solicitud<\/span>\n\t\t\t\t\t<\/span>\n\t\t\t\t\t<\/a>\n\t\t\t\t<\/div>\n\t\t\t\t\t\t\t\t<\/div>\n\t\t\t\t<\/div>\n\t\t\t\t\t<\/div>\n\t\t<\/div>\n\t\t\t\t<div class=\"elementor-column elementor-col-50 elementor-inner-column elementor-element elementor-element-d4828ec\" data-id=\"d4828ec\" data-element_type=\"column\" data-e-type=\"column\">\n\t\t\t<div class=\"elementor-widget-wrap elementor-element-populated\">\n\t\t\t\t\t\t<div class=\"elementor-element elementor-element-daa5dd7 elementor-align-center elementor-widget elementor-widget-button\" data-id=\"daa5dd7\" data-element_type=\"widget\" data-e-type=\"widget\" data-widget_type=\"button.default\">\n\t\t\t\t<div class=\"elementor-widget-container\">\n\t\t\t\t\t\t\t\t\t<div class=\"elementor-button-wrapper\">\n\t\t\t\t\t<a class=\"elementor-button elementor-button-link elementor-size-sm\" href=\"http:\/\/sopenabarcelona.org\/documents\/protocol_erasmus.23.pdf\">\n\t\t\t\t\t\t<span class=\"elementor-button-content-wrapper\">\n\t\t\t\t\t\t\t\t\t<span class=\"elementor-button-text\">Protocolo <\/span>\n\t\t\t\t\t<\/span>\n\t\t\t\t\t<\/a>\n\t\t\t\t<\/div>\n\t\t\t\t\t\t\t\t<\/div>\n\t\t\t\t<\/div>\n\t\t\t\t\t<\/div>\n\t\t<\/div>\n\t\t\t\t\t<\/div>\n\t\t<\/section>\n\t\t\t\t\t<\/div>\n\t\t<\/div>\n\t\t\t\t<div class=\"elementor-column elementor-col-50 elementor-top-column elementor-element elementor-element-1501ab6\" data-id=\"1501ab6\" data-element_type=\"column\" data-e-type=\"column\">\n\t\t\t<div class=\"elementor-widget-wrap elementor-element-populated\">\n\t\t\t\t\t\t<div class=\"elementor-element elementor-element-aeda9ac elementor-widget elementor-widget-heading\" data-id=\"aeda9ac\" data-element_type=\"widget\" data-e-type=\"widget\" data-widget_type=\"heading.default\">\n\t\t\t\t<div class=\"elementor-widget-container\">\n\t\t\t\t\t<h3 class=\"elementor-heading-title elementor-size-large\"><a href=\"https:\/\/www.fundaciobcnfp.cat\/internacionalitzacio\/erasmus\/\" target=\"_blank\">Erasmus+ - Fundaci\u00f3 BCN FP<\/a><\/h3>\t\t\t\t<\/div>\n\t\t\t\t<\/div>\n\t\t\t\t<div class=\"elementor-element elementor-element-ea0d31e elementor-widget elementor-widget-text-editor\" data-id=\"ea0d31e\" data-element_type=\"widget\" data-e-type=\"widget\" data-widget_type=\"text-editor.default\">\n\t\t\t\t<div class=\"elementor-widget-container\">\n\t\t\t\t\t\t\t\t\t<p>El proyecto&nbsp;<a href=\"https:\/\/www.fundaciobcnfp.cat\/internacionalitzacio\/erasmus\/erasmus-formacio-professional\/\" target=\"_blank\" rel=\"noopener\"><strong>Erasmus+ Formaci\u00f3n Profesional&nbsp;<\/strong><\/a>coordinado por la Fundaci\u00f3n BCN Formaci\u00f3n Profesional est\u00e1 destinado a j\u00f3venes reci\u00e9n graduados\/das en los ciclos formativos de grado medio de los centros de formaci\u00f3n profesional de Barcelona y su \u00c1rea Metropolitana. Estos graduados tienen la oportunidad de realizar una estancia formativa con una duraci\u00f3n de 6 semanas en empresas de diferentes ciudades europeas de la <a href=\"http:\/\/www.xarxafp.org\/\" target=\"_blank\" rel=\"noreferrer noopener\" aria-label=\" (s'obre en una nova pestanya)\">Red FP.<\/a><\/p>\n<p>El proyecto tiene por objetivo dotar de mayores competencias laborales, ling\u00fc\u00edsticas, culturales y personales, a los j\u00f3venes graduados\/das en formaci\u00f3n profesional para facilitar su inminente entrada en el mercado laboral.<\/p>\n<p>La Fundaci\u00f3 BCN Formaci\u00f3 Professional gestiona becas para graduados de grado medio.<\/p>\n<p>\u00bfNecesitas m\u00e1s informaci\u00f3n sobre las becas Erasmus+ de Grado Medio? Contacta con el Coordinador de Movilidad de tu centro y te informar\u00e1 de todas las oportunidades disponibles.<\/p>\t\t\t\t\t\t\t\t<\/div>\n\t\t\t\t<\/div>\n\t\t\t\t<div class=\"elementor-element elementor-element-047dc11 elementor-widget elementor-widget-video\" data-id=\"047dc11\" data-element_type=\"widget\" data-e-type=\"widget\" data-settings=\"{&quot;youtube_url&quot;:&quot;https:\\\/\\\/www.youtube.com\\\/watch?v=6Y00Cy9U_MQ&amp;t=2s&quot;,&quot;video_type&quot;:&quot;youtube&quot;,&quot;controls&quot;:&quot;yes&quot;}\" data-widget_type=\"video.default\">\n\t\t\t\t<div class=\"elementor-widget-container\">\n\t\t\t\t\t\t\t<div class=\"elementor-wrapper elementor-open-inline\">\n\t\t\t<div class=\"elementor-video\"><\/div>\t\t<\/div>\n\t\t\t\t\t\t<\/div>\n\t\t\t\t<\/div>\n\t\t\t\t\t<\/div>\n\t\t<\/div>\n\t\t\t\t\t<\/div>\n\t\t<\/section>\n\t\t\t\t<\/div>\n\t\t","protected":false},"excerpt":{"rendered":"<p>ERASMUS CICLOS FORMATIVOS Escuela Sope\u00f1a Barcelona En la Escola Sope\u00f1a ofrecemos el proyecto Erasmus gracias a la coordinaci\u00f3n de la Fundaci\u00f3 BCN Formaci\u00f3 Professional. El alumnado matriculado en cualquier CFGM de nuestra escuela puede optar a la beca Erasmus+ por ir a realizar parte de la formaci\u00f3n en centros de trabajos (FCT) o pr\u00e1cticas no&hellip;<\/p>\n","protected":false},"author":1,"featured_media":10418,"parent":0,"menu_order":20,"comment_status":"closed","ping_status":"closed","template":"elementor_header_footer","meta":{"footnotes":""},"class_list":["post-11297","page","type-page","status-publish","has-post-thumbnail","hentry"],"yoast_head":"<!-- This site is optimized with the Yoast SEO plugin v27.4 - https:\/\/yoast.com\/product\/yoast-seo-wordpress\/ -->\n<title>Carta de movilidad Erasmus+ - Escola Sope\u00f1a Barcelona<\/title>\n<meta name=\"robots\" content=\"index, follow, max-snippet:-1, max-image-preview:large, max-video-preview:-1\" \/>\n<link rel=\"canonical\" href=\"https:\/\/sopenabarcelona.org\/es\/carta-de-movilidad-erasmus\/\" \/>\n<meta property=\"og:locale\" content=\"es_ES\" \/>\n<meta property=\"og:type\" content=\"article\" \/>\n<meta property=\"og:title\" content=\"Carta de movilidad Erasmus+ - Escola Sope\u00f1a Barcelona\" \/>\n<meta property=\"og:description\" content=\"ERASMUS CICLOS FORMATIVOS Escuela Sope\u00f1a Barcelona En la Escola Sope\u00f1a ofrecemos el proyecto Erasmus gracias a la coordinaci\u00f3n de la Fundaci\u00f3 BCN Formaci\u00f3 Professional. El alumnado matriculado en cualquier CFGM de nuestra escuela puede optar a la beca Erasmus+ por ir a realizar parte de la formaci\u00f3n en centros de trabajos (FCT) o pr\u00e1cticas no&hellip;\" \/>\n<meta property=\"og:url\" content=\"https:\/\/sopenabarcelona.org\/es\/carta-de-movilidad-erasmus\/\" \/>\n<meta property=\"og:site_name\" content=\"Escola Sope\u00f1a Barcelona\" \/>\n<meta property=\"article:modified_time\" content=\"2023-05-23T09:29:09+00:00\" \/>\n<meta property=\"og:image\" content=\"https:\/\/sopenabarcelona.org\/wp-content\/uploads\/2021\/11\/Dolores-Sopena.png\" \/>\n\t<meta property=\"og:image:width\" content=\"300\" \/>\n\t<meta property=\"og:image:height\" content=\"301\" \/>\n\t<meta property=\"og:image:type\" content=\"image\/png\" \/>\n<meta name=\"twitter:card\" content=\"summary_large_image\" \/>\n<meta name=\"twitter:label1\" content=\"Tiempo de lectura\" \/>\n\t<meta name=\"twitter:data1\" content=\"2 minutos\" \/>\n<script type=\"application\/ld+json\" class=\"yoast-schema-graph\">{\"@context\":\"https:\\\/\\\/schema.org\",\"@graph\":[{\"@type\":\"WebPage\",\"@id\":\"https:\\\/\\\/sopenabarcelona.org\\\/es\\\/carta-de-movilidad-erasmus\\\/\",\"url\":\"https:\\\/\\\/sopenabarcelona.org\\\/es\\\/carta-de-movilidad-erasmus\\\/\",\"name\":\"Carta de movilidad Erasmus+ - Escola Sope\u00f1a Barcelona\",\"isPartOf\":{\"@id\":\"https:\\\/\\\/sopenabarcelona.org\\\/es\\\/#website\"},\"primaryImageOfPage\":{\"@id\":\"https:\\\/\\\/sopenabarcelona.org\\\/es\\\/carta-de-movilidad-erasmus\\\/#primaryimage\"},\"image\":{\"@id\":\"https:\\\/\\\/sopenabarcelona.org\\\/es\\\/carta-de-movilidad-erasmus\\\/#primaryimage\"},\"thumbnailUrl\":\"https:\\\/\\\/sopenabarcelona.org\\\/wp-content\\\/uploads\\\/2021\\\/11\\\/Dolores-Sopena.png\",\"datePublished\":\"2022-07-11T18:04:23+00:00\",\"dateModified\":\"2023-05-23T09:29:09+00:00\",\"breadcrumb\":{\"@id\":\"https:\\\/\\\/sopenabarcelona.org\\\/es\\\/carta-de-movilidad-erasmus\\\/#breadcrumb\"},\"inLanguage\":\"es\",\"potentialAction\":[{\"@type\":\"ReadAction\",\"target\":[\"https:\\\/\\\/sopenabarcelona.org\\\/es\\\/carta-de-movilidad-erasmus\\\/\"]}]},{\"@type\":\"ImageObject\",\"inLanguage\":\"es\",\"@id\":\"https:\\\/\\\/sopenabarcelona.org\\\/es\\\/carta-de-movilidad-erasmus\\\/#primaryimage\",\"url\":\"https:\\\/\\\/sopenabarcelona.org\\\/wp-content\\\/uploads\\\/2021\\\/11\\\/Dolores-Sopena.png\",\"contentUrl\":\"https:\\\/\\\/sopenabarcelona.org\\\/wp-content\\\/uploads\\\/2021\\\/11\\\/Dolores-Sopena.png\",\"width\":300,\"height\":301},{\"@type\":\"BreadcrumbList\",\"@id\":\"https:\\\/\\\/sopenabarcelona.org\\\/es\\\/carta-de-movilidad-erasmus\\\/#breadcrumb\",\"itemListElement\":[{\"@type\":\"ListItem\",\"position\":1,\"name\":\"Inici\",\"item\":\"https:\\\/\\\/sopenabarcelona.org\\\/es\\\/\"},{\"@type\":\"ListItem\",\"position\":2,\"name\":\"Carta de movilidad Erasmus+\"}]},{\"@type\":\"WebSite\",\"@id\":\"https:\\\/\\\/sopenabarcelona.org\\\/es\\\/#website\",\"url\":\"https:\\\/\\\/sopenabarcelona.org\\\/es\\\/\",\"name\":\"Escola Sope\u00f1a Barcelona\",\"description\":\"Escola d&#039;ESO i Formaci\u00f3 Professional\",\"publisher\":{\"@id\":\"https:\\\/\\\/sopenabarcelona.org\\\/es\\\/#organization\"},\"potentialAction\":[{\"@type\":\"SearchAction\",\"target\":{\"@type\":\"EntryPoint\",\"urlTemplate\":\"https:\\\/\\\/sopenabarcelona.org\\\/es\\\/?s={search_term_string}\"},\"query-input\":{\"@type\":\"PropertyValueSpecification\",\"valueRequired\":true,\"valueName\":\"search_term_string\"}}],\"inLanguage\":\"es\"},{\"@type\":\"Organization\",\"@id\":\"https:\\\/\\\/sopenabarcelona.org\\\/es\\\/#organization\",\"name\":\"Escola Sope\u00f1a Barcelona\",\"url\":\"https:\\\/\\\/sopenabarcelona.org\\\/es\\\/\",\"logo\":{\"@type\":\"ImageObject\",\"inLanguage\":\"es\",\"@id\":\"https:\\\/\\\/sopenabarcelona.org\\\/es\\\/#\\\/schema\\\/logo\\\/image\\\/\",\"url\":\"https:\\\/\\\/sopenabarcelona.org\\\/wp-content\\\/uploads\\\/2022\\\/03\\\/Fundacio-Dolores-Sopena-1-1.png\",\"contentUrl\":\"https:\\\/\\\/sopenabarcelona.org\\\/wp-content\\\/uploads\\\/2022\\\/03\\\/Fundacio-Dolores-Sopena-1-1.png\",\"width\":250,\"height\":93,\"caption\":\"Escola Sope\u00f1a Barcelona\"},\"image\":{\"@id\":\"https:\\\/\\\/sopenabarcelona.org\\\/es\\\/#\\\/schema\\\/logo\\\/image\\\/\"}}]}<\/script>\n<!-- \/ Yoast SEO plugin. -->","yoast_head_json":{"title":"Carta de movilidad Erasmus+ - Escola Sope\u00f1a Barcelona","robots":{"index":"index","follow":"follow","max-snippet":"max-snippet:-1","max-image-preview":"max-image-preview:large","max-video-preview":"max-video-preview:-1"},"canonical":"https:\/\/sopenabarcelona.org\/es\/carta-de-movilidad-erasmus\/","og_locale":"es_ES","og_type":"article","og_title":"Carta de movilidad Erasmus+ - Escola Sope\u00f1a Barcelona","og_description":"ERASMUS CICLOS FORMATIVOS Escuela Sope\u00f1a Barcelona En la Escola Sope\u00f1a ofrecemos el proyecto Erasmus gracias a la coordinaci\u00f3n de la Fundaci\u00f3 BCN Formaci\u00f3 Professional. El alumnado matriculado en cualquier CFGM de nuestra escuela puede optar a la beca Erasmus+ por ir a realizar parte de la formaci\u00f3n en centros de trabajos (FCT) o pr\u00e1cticas no&hellip;","og_url":"https:\/\/sopenabarcelona.org\/es\/carta-de-movilidad-erasmus\/","og_site_name":"Escola Sope\u00f1a Barcelona","article_modified_time":"2023-05-23T09:29:09+00:00","og_image":[{"width":300,"height":301,"url":"https:\/\/sopenabarcelona.org\/wp-content\/uploads\/2021\/11\/Dolores-Sopena.png","type":"image\/png"}],"twitter_card":"summary_large_image","twitter_misc":{"Tiempo de lectura":"2 minutos"},"schema":{"@context":"https:\/\/schema.org","@graph":[{"@type":"WebPage","@id":"https:\/\/sopenabarcelona.org\/es\/carta-de-movilidad-erasmus\/","url":"https:\/\/sopenabarcelona.org\/es\/carta-de-movilidad-erasmus\/","name":"Carta de movilidad Erasmus+ - Escola Sope\u00f1a Barcelona","isPartOf":{"@id":"https:\/\/sopenabarcelona.org\/es\/#website"},"primaryImageOfPage":{"@id":"https:\/\/sopenabarcelona.org\/es\/carta-de-movilidad-erasmus\/#primaryimage"},"image":{"@id":"https:\/\/sopenabarcelona.org\/es\/carta-de-movilidad-erasmus\/#primaryimage"},"thumbnailUrl":"https:\/\/sopenabarcelona.org\/wp-content\/uploads\/2021\/11\/Dolores-Sopena.png","datePublished":"2022-07-11T18:04:23+00:00","dateModified":"2023-05-23T09:29:09+00:00","breadcrumb":{"@id":"https:\/\/sopenabarcelona.org\/es\/carta-de-movilidad-erasmus\/#breadcrumb"},"inLanguage":"es","potentialAction":[{"@type":"ReadAction","target":["https:\/\/sopenabarcelona.org\/es\/carta-de-movilidad-erasmus\/"]}]},{"@type":"ImageObject","inLanguage":"es","@id":"https:\/\/sopenabarcelona.org\/es\/carta-de-movilidad-erasmus\/#primaryimage","url":"https:\/\/sopenabarcelona.org\/wp-content\/uploads\/2021\/11\/Dolores-Sopena.png","contentUrl":"https:\/\/sopenabarcelona.org\/wp-content\/uploads\/2021\/11\/Dolores-Sopena.png","width":300,"height":301},{"@type":"BreadcrumbList","@id":"https:\/\/sopenabarcelona.org\/es\/carta-de-movilidad-erasmus\/#breadcrumb","itemListElement":[{"@type":"ListItem","position":1,"name":"Inici","item":"https:\/\/sopenabarcelona.org\/es\/"},{"@type":"ListItem","position":2,"name":"Carta de movilidad Erasmus+"}]},{"@type":"WebSite","@id":"https:\/\/sopenabarcelona.org\/es\/#website","url":"https:\/\/sopenabarcelona.org\/es\/","name":"Escola Sope\u00f1a Barcelona","description":"Escola d&#039;ESO i Formaci\u00f3 Professional","publisher":{"@id":"https:\/\/sopenabarcelona.org\/es\/#organization"},"potentialAction":[{"@type":"SearchAction","target":{"@type":"EntryPoint","urlTemplate":"https:\/\/sopenabarcelona.org\/es\/?s={search_term_string}"},"query-input":{"@type":"PropertyValueSpecification","valueRequired":true,"valueName":"search_term_string"}}],"inLanguage":"es"},{"@type":"Organization","@id":"https:\/\/sopenabarcelona.org\/es\/#organization","name":"Escola Sope\u00f1a Barcelona","url":"https:\/\/sopenabarcelona.org\/es\/","logo":{"@type":"ImageObject","inLanguage":"es","@id":"https:\/\/sopenabarcelona.org\/es\/#\/schema\/logo\/image\/","url":"https:\/\/sopenabarcelona.org\/wp-content\/uploads\/2022\/03\/Fundacio-Dolores-Sopena-1-1.png","contentUrl":"https:\/\/sopenabarcelona.org\/wp-content\/uploads\/2022\/03\/Fundacio-Dolores-Sopena-1-1.png","width":250,"height":93,"caption":"Escola Sope\u00f1a Barcelona"},"image":{"@id":"https:\/\/sopenabarcelona.org\/es\/#\/schema\/logo\/image\/"}}]}},"_links":{"self":[{"href":"https:\/\/sopenabarcelona.org\/es\/wp-json\/wp\/v2\/pages\/11297","targetHints":{"allow":["GET"]}}],"collection":[{"href":"https:\/\/sopenabarcelona.org\/es\/wp-json\/wp\/v2\/pages"}],"about":[{"href":"https:\/\/sopenabarcelona.org\/es\/wp-json\/wp\/v2\/types\/page"}],"author":[{"embeddable":true,"href":"https:\/\/sopenabarcelona.org\/es\/wp-json\/wp\/v2\/users\/1"}],"replies":[{"embeddable":true,"href":"https:\/\/sopenabarcelona.org\/es\/wp-json\/wp\/v2\/comments?post=11297"}],"version-history":[{"count":13,"href":"https:\/\/sopenabarcelona.org\/es\/wp-json\/wp\/v2\/pages\/11297\/revisions"}],"predecessor-version":[{"id":15291,"href":"https:\/\/sopenabarcelona.org\/es\/wp-json\/wp\/v2\/pages\/11297\/revisions\/15291"}],"wp:featuredmedia":[{"embeddable":true,"href":"https:\/\/sopenabarcelona.org\/es\/wp-json\/wp\/v2\/media\/10418"}],"wp:attachment":[{"href":"https:\/\/sopenabarcelona.org\/es\/wp-json\/wp\/v2\/media?parent=11297"}],"curies":[{"name":"wp","href":"https:\/\/api.w.org\/{rel}","templated":true}]}}