{"id":11337,"date":"2022-07-16T11:05:55","date_gmt":"2022-07-16T11:05:55","guid":{"rendered":"https:\/\/sopenabarcelona.org\/la-escuela\/servicios\/actividades-extraescolares\/"},"modified":"2022-10-20T14:09:51","modified_gmt":"2022-10-20T14:09:51","slug":"actividades-extraescolares","status":"publish","type":"page","link":"https:\/\/sopenabarcelona.org\/es\/la-escuela\/servicios\/actividades-extraescolares\/","title":{"rendered":"Actividades extraescolares"},"content":{"rendered":"\t\t<div data-elementor-type=\"wp-page\" data-elementor-id=\"11337\" class=\"elementor elementor-11337 elementor-8388\" data-elementor-post-type=\"page\">\n\t\t\t\t\t\t<section class=\"elementor-section elementor-top-section elementor-element elementor-element-60ccef7b elementor-section-boxed elementor-section-height-default elementor-section-height-default\" data-id=\"60ccef7b\" data-element_type=\"section\" data-e-type=\"section\" data-settings=\"{&quot;background_background&quot;:&quot;classic&quot;,&quot;shape_divider_bottom&quot;:&quot;mountains&quot;}\">\n\t\t\t\t\t<div class=\"elementor-shape elementor-shape-bottom\" aria-hidden=\"true\" data-negative=\"false\">\n\t\t\t<svg xmlns=\"http:\/\/www.w3.org\/2000\/svg\" viewBox=\"0 0 1000 100\" preserveAspectRatio=\"none\">\n\t<path class=\"elementor-shape-fill\" opacity=\"0.33\" d=\"M473,67.3c-203.9,88.3-263.1-34-320.3,0C66,119.1,0,59.7,0,59.7V0h1000v59.7 c0,0-62.1,26.1-94.9,29.3c-32.8,3.3-62.8-12.3-75.8-22.1C806,49.6,745.3,8.7,694.9,4.7S492.4,59,473,67.3z\"\/>\n\t<path class=\"elementor-shape-fill\" opacity=\"0.66\" d=\"M734,67.3c-45.5,0-77.2-23.2-129.1-39.1c-28.6-8.7-150.3-10.1-254,39.1 s-91.7-34.4-149.2,0C115.7,118.3,0,39.8,0,39.8V0h1000v36.5c0,0-28.2-18.5-92.1-18.5C810.2,18.1,775.7,67.3,734,67.3z\"\/>\n\t<path class=\"elementor-shape-fill\" d=\"M766.1,28.9c-200-57.5-266,65.5-395.1,19.5C242,1.8,242,5.4,184.8,20.6C128,35.8,132.3,44.9,89.9,52.5C28.6,63.7,0,0,0,0 h1000c0,0-9.9,40.9-83.6,48.1S829.6,47,766.1,28.9z\"\/>\n<\/svg>\t\t<\/div>\n\t\t\t\t\t<div class=\"elementor-container elementor-column-gap-wider\">\n\t\t\t\t\t<div class=\"elementor-column elementor-col-100 elementor-top-column elementor-element elementor-element-c8c9b45\" data-id=\"c8c9b45\" data-element_type=\"column\" data-e-type=\"column\">\n\t\t\t<div class=\"elementor-widget-wrap elementor-element-populated\">\n\t\t\t\t\t\t<div class=\"elementor-element elementor-element-1b38ef10 elementor-widget elementor-widget-heading\" data-id=\"1b38ef10\" data-element_type=\"widget\" data-e-type=\"widget\" data-widget_type=\"heading.default\">\n\t\t\t\t<div class=\"elementor-widget-container\">\n\t\t\t\t\t<h2 class=\"elementor-heading-title elementor-size-default\">Actividades extraescolares<\/h2>\t\t\t\t<\/div>\n\t\t\t\t<\/div>\n\t\t\t\t\t<\/div>\n\t\t<\/div>\n\t\t\t\t\t<\/div>\n\t\t<\/section>\n\t\t\t\t<section class=\"elementor-section elementor-top-section elementor-element elementor-element-4cb9658 elementor-section-boxed elementor-section-height-default elementor-section-height-default\" data-id=\"4cb9658\" data-element_type=\"section\" data-e-type=\"section\" data-settings=\"{&quot;background_background&quot;:&quot;classic&quot;}\">\n\t\t\t\t\t\t<div class=\"elementor-container elementor-column-gap-default\">\n\t\t\t\t\t<div class=\"elementor-column elementor-col-50 elementor-top-column elementor-element elementor-element-1208cfa\" data-id=\"1208cfa\" data-element_type=\"column\" data-e-type=\"column\">\n\t\t\t<div class=\"elementor-widget-wrap elementor-element-populated\">\n\t\t\t\t\t\t<div class=\"elementor-element elementor-element-b6d1c85 elementor-widget elementor-widget-text-editor\" data-id=\"b6d1c85\" data-element_type=\"widget\" data-e-type=\"widget\" data-widget_type=\"text-editor.default\">\n\t\t\t\t<div class=\"elementor-widget-container\">\n\t\t\t\t\t\t\t\t\t<p><span style=\"font-weight: 400;\">Las actividades extraescolares que se ofrecer\u00e1n en el curso 2022-2023, son las siguientes:&nbsp;<\/span><\/p>\n<ul>\n<li><b>VOLEIBOL&nbsp;<\/b><\/li>\n<li><b>F\u00daTBOL SALA&nbsp;<\/b><\/li>\n<li><b>BALONCESTO<\/b><\/li>\n<li><b>DANZA <br><\/b><\/li>\n<\/ul>\n<p><b>Pendientes de confirmaci\u00f3n otras ofertas en septiembre <br><\/b><\/p>\n<p><span style=\"font-weight: 400;\">Las actividades extraescolares son un complemento de la educaci\u00f3n de la escuela.&nbsp;<\/span><\/p>\n<p><span style=\"font-weight: 400;\">Estas actividades fomentan el crecimiento personal, las relaciones interpersonales y aumentan&nbsp; la motivaci\u00f3n de los alumnos. Son un espacio id\u00f3neo para trabajar valores como el respeto, la autonom\u00eda,&nbsp; el compromiso y el trabajo en equipo.&nbsp;<\/span><\/p>\n<p><strong>INFORMACI\u00d3N GENERAL&nbsp;&nbsp;<\/strong><\/p>\n<ul>\n<li><span style=\"font-weight: 400;\">Las actividades empezar\u00e1n en octubre y finalizar\u00e1n en mayo<br><\/span><\/li>\n<li><span style=\"font-weight: 400;\">Horario para el alumnado de la ESO: 17h &#8211; 18h&nbsp;<\/span><\/li>\n<li><span style=\"font-weight: 400;\">Horario para el alumnado de CICLOS: 15h &#8211; 16h&nbsp;&nbsp;<\/span><\/li>\n<\/ul>\n<p><strong>INSCRIPCI\u00d3N&nbsp;&nbsp;<\/strong><\/p>\n<ul>\n<li><span style=\"font-weight: 400;\">Las inscripciones a las actividades extraescolares culturals (tanto si son nuevos en la actividad, como &nbsp; si se vuelven a inscribir en la misma) se realizar\u00e1n presentado el formulario<\/span><span style=\"font-weight: 400;\">de inscripci\u00f3n<\/span><\/li>\n<\/ul>\n<p><strong>Periodos de inscripci\u00f3n:&nbsp;<\/strong><\/p>\n<ul>\n<li><span style=\"font-weight: 400;\">Antes del 22 de septiembre&nbsp; <br><\/span><\/li>\n<li><span style=\"font-weight: 400;\">Las plazas de todas las actividades son limitadas y se asignar\u00e1n por estricto orden&nbsp; de inscripci\u00f3n hasta completar los grupos.&nbsp;<\/span><\/li>\n<li><span style=\"font-weight: 400;\">Para formar a los grupos, tendr\u00e1n prioridad los alumnos que ya han sido inscritos en estas&nbsp; actividades durante este curso.&nbsp;<\/span><\/li>\n<\/ul>\n<p><strong>BAJA EN LA ACTIVIDAD&nbsp;&nbsp;<\/strong><\/p>\n<ul>\n<li><span style=\"font-weight: 400;\">En caso de baja, deber\u00e1 comunicarse presentando el impreso de baja&nbsp;<\/span><\/li>\n<li><span style=\"font-weight: 400;\">El equipo responsable se reserva el derecho de dar de baja a aquellos alumnos que no&nbsp; respeten las normas o instrucciones de los responsables de las actividades.&nbsp;&nbsp;<\/span><\/li>\n<\/ul>\n<p><strong>ANULACI\u00d3N DE GRUPOS&nbsp;&nbsp;<\/strong><\/p>\n<p><span style=\"font-weight: 400;\">\u2022 <\/span><span style=\"font-weight: 400;\">En caso de que alg\u00fan grupo no llegue al n\u00famero m\u00ednimo de inscritos, se proceder\u00e1 a la anulaci\u00f3n&nbsp; del mismo. Los inscritos en grupos anulados podr\u00e1n inscribirse en otros grupos en los que queden&nbsp; plazas vacantes. <\/span><\/p>\n<div><br><\/div>\n<div><br><\/div>\t\t\t\t\t\t\t\t<\/div>\n\t\t\t\t<\/div>\n\t\t\t\t\t<\/div>\n\t\t<\/div>\n\t\t\t\t<div class=\"elementor-column elementor-col-50 elementor-top-column elementor-element elementor-element-5089760\" data-id=\"5089760\" data-element_type=\"column\" data-e-type=\"column\">\n\t\t\t<div class=\"elementor-widget-wrap elementor-element-populated\">\n\t\t\t\t\t\t<div class=\"elementor-element elementor-element-c946e27 elementor-widget elementor-widget-image\" data-id=\"c946e27\" data-element_type=\"widget\" data-e-type=\"widget\" data-widget_type=\"image.default\">\n\t\t\t\t<div class=\"elementor-widget-container\">\n\t\t\t\t\t\t\t\t\t\t\t\t\t\t\t<img fetchpriority=\"high\" decoding=\"async\" width=\"700\" height=\"500\" src=\"https:\/\/sopenabarcelona.org\/wp-content\/uploads\/2022\/07\/extraescolars.jpg\" class=\"attachment-large size-large wp-image-11214\" alt=\"\" srcset=\"https:\/\/sopenabarcelona.org\/wp-content\/uploads\/2022\/07\/extraescolars.jpg 700w, https:\/\/sopenabarcelona.org\/wp-content\/uploads\/2022\/07\/extraescolars-300x214.jpg 300w\" sizes=\"(max-width: 700px) 100vw, 700px\" \/>\t\t\t\t\t\t\t\t\t\t\t\t\t\t\t<\/div>\n\t\t\t\t<\/div>\n\t\t\t\t\t<\/div>\n\t\t<\/div>\n\t\t\t\t\t<\/div>\n\t\t<\/section>\n\t\t\t\t<\/div>\n\t\t","protected":false},"excerpt":{"rendered":"<p>Actividades extraescolares Las actividades extraescolares que se ofrecer\u00e1n en el curso 2022-2023, son las siguientes:&nbsp; VOLEIBOL&nbsp; F\u00daTBOL SALA&nbsp; BALONCESTO DANZA Pendientes de confirmaci\u00f3n otras ofertas en septiembre Las actividades extraescolares son un complemento de la educaci\u00f3n de la escuela.&nbsp; Estas actividades fomentan el crecimiento personal, las relaciones interpersonales y aumentan&nbsp; la motivaci\u00f3n de los alumnos.&hellip;<\/p>\n","protected":false},"author":1,"featured_media":10418,"parent":11335,"menu_order":20,"comment_status":"closed","ping_status":"closed","template":"elementor_header_footer","meta":{"footnotes":""},"class_list":["post-11337","page","type-page","status-publish","has-post-thumbnail","hentry"],"yoast_head":"<!-- This site is optimized with the Yoast SEO plugin v27.3 - https:\/\/yoast.com\/product\/yoast-seo-wordpress\/ -->\n<title>Actividades extraescolares - Escola Sope\u00f1a Barcelona<\/title>\n<meta name=\"robots\" content=\"index, follow, max-snippet:-1, max-image-preview:large, max-video-preview:-1\" \/>\n<link rel=\"canonical\" href=\"https:\/\/sopenabarcelona.org\/es\/la-escuela\/servicios\/actividades-extraescolares\/\" \/>\n<meta property=\"og:locale\" content=\"es_ES\" \/>\n<meta property=\"og:type\" content=\"article\" \/>\n<meta property=\"og:title\" content=\"Actividades extraescolares - Escola Sope\u00f1a Barcelona\" \/>\n<meta property=\"og:description\" content=\"Actividades extraescolares Las actividades extraescolares que se ofrecer\u00e1n en el curso 2022-2023, son las siguientes:&nbsp; VOLEIBOL&nbsp; F\u00daTBOL SALA&nbsp; BALONCESTO DANZA Pendientes de confirmaci\u00f3n otras ofertas en septiembre Las actividades extraescolares son un complemento de la educaci\u00f3n de la escuela.&nbsp; Estas actividades fomentan el crecimiento personal, las relaciones interpersonales y aumentan&nbsp; la motivaci\u00f3n de los alumnos.&hellip;\" \/>\n<meta property=\"og:url\" content=\"https:\/\/sopenabarcelona.org\/es\/la-escuela\/servicios\/actividades-extraescolares\/\" \/>\n<meta property=\"og:site_name\" content=\"Escola Sope\u00f1a Barcelona\" \/>\n<meta property=\"article:modified_time\" content=\"2022-10-20T14:09:51+00:00\" \/>\n<meta property=\"og:image\" content=\"https:\/\/sopenabarcelona.org\/wp-content\/uploads\/2021\/11\/Dolores-Sopena.png\" \/>\n\t<meta property=\"og:image:width\" content=\"300\" \/>\n\t<meta property=\"og:image:height\" content=\"301\" \/>\n\t<meta property=\"og:image:type\" content=\"image\/png\" \/>\n<meta name=\"twitter:card\" content=\"summary_large_image\" \/>\n<meta name=\"twitter:label1\" content=\"Tiempo de lectura\" \/>\n\t<meta name=\"twitter:data1\" content=\"2 minutos\" \/>\n<script type=\"application\/ld+json\" class=\"yoast-schema-graph\">{\"@context\":\"https:\\\/\\\/schema.org\",\"@graph\":[{\"@type\":\"WebPage\",\"@id\":\"https:\\\/\\\/sopenabarcelona.org\\\/es\\\/la-escuela\\\/servicios\\\/actividades-extraescolares\\\/\",\"url\":\"https:\\\/\\\/sopenabarcelona.org\\\/es\\\/la-escuela\\\/servicios\\\/actividades-extraescolares\\\/\",\"name\":\"Actividades extraescolares - Escola Sope\u00f1a Barcelona\",\"isPartOf\":{\"@id\":\"https:\\\/\\\/sopenabarcelona.org\\\/es\\\/#website\"},\"primaryImageOfPage\":{\"@id\":\"https:\\\/\\\/sopenabarcelona.org\\\/es\\\/la-escuela\\\/servicios\\\/actividades-extraescolares\\\/#primaryimage\"},\"image\":{\"@id\":\"https:\\\/\\\/sopenabarcelona.org\\\/es\\\/la-escuela\\\/servicios\\\/actividades-extraescolares\\\/#primaryimage\"},\"thumbnailUrl\":\"https:\\\/\\\/sopenabarcelona.org\\\/wp-content\\\/uploads\\\/2021\\\/11\\\/Dolores-Sopena.png\",\"datePublished\":\"2022-07-16T11:05:55+00:00\",\"dateModified\":\"2022-10-20T14:09:51+00:00\",\"breadcrumb\":{\"@id\":\"https:\\\/\\\/sopenabarcelona.org\\\/es\\\/la-escuela\\\/servicios\\\/actividades-extraescolares\\\/#breadcrumb\"},\"inLanguage\":\"es\",\"potentialAction\":[{\"@type\":\"ReadAction\",\"target\":[\"https:\\\/\\\/sopenabarcelona.org\\\/es\\\/la-escuela\\\/servicios\\\/actividades-extraescolares\\\/\"]}]},{\"@type\":\"ImageObject\",\"inLanguage\":\"es\",\"@id\":\"https:\\\/\\\/sopenabarcelona.org\\\/es\\\/la-escuela\\\/servicios\\\/actividades-extraescolares\\\/#primaryimage\",\"url\":\"https:\\\/\\\/sopenabarcelona.org\\\/wp-content\\\/uploads\\\/2021\\\/11\\\/Dolores-Sopena.png\",\"contentUrl\":\"https:\\\/\\\/sopenabarcelona.org\\\/wp-content\\\/uploads\\\/2021\\\/11\\\/Dolores-Sopena.png\",\"width\":300,\"height\":301},{\"@type\":\"BreadcrumbList\",\"@id\":\"https:\\\/\\\/sopenabarcelona.org\\\/es\\\/la-escuela\\\/servicios\\\/actividades-extraescolares\\\/#breadcrumb\",\"itemListElement\":[{\"@type\":\"ListItem\",\"position\":1,\"name\":\"Inici\",\"item\":\"https:\\\/\\\/sopenabarcelona.org\\\/es\\\/\"},{\"@type\":\"ListItem\",\"position\":2,\"name\":\"La escuela\",\"item\":\"https:\\\/\\\/sopenabarcelona.org\\\/es\\\/la-nostra-escola\\\/\"},{\"@type\":\"ListItem\",\"position\":3,\"name\":\"Servicios\",\"item\":\"https:\\\/\\\/sopenabarcelona.org\\\/es\\\/la-nostra-escola\\\/serveis\\\/\"},{\"@type\":\"ListItem\",\"position\":4,\"name\":\"Actividades extraescolares\"}]},{\"@type\":\"WebSite\",\"@id\":\"https:\\\/\\\/sopenabarcelona.org\\\/es\\\/#website\",\"url\":\"https:\\\/\\\/sopenabarcelona.org\\\/es\\\/\",\"name\":\"Escola Sope\u00f1a Barcelona\",\"description\":\"Escola d&#039;ESO i Formaci\u00f3 Professional\",\"publisher\":{\"@id\":\"https:\\\/\\\/sopenabarcelona.org\\\/es\\\/#organization\"},\"potentialAction\":[{\"@type\":\"SearchAction\",\"target\":{\"@type\":\"EntryPoint\",\"urlTemplate\":\"https:\\\/\\\/sopenabarcelona.org\\\/es\\\/?s={search_term_string}\"},\"query-input\":{\"@type\":\"PropertyValueSpecification\",\"valueRequired\":true,\"valueName\":\"search_term_string\"}}],\"inLanguage\":\"es\"},{\"@type\":\"Organization\",\"@id\":\"https:\\\/\\\/sopenabarcelona.org\\\/es\\\/#organization\",\"name\":\"Escola Sope\u00f1a Barcelona\",\"url\":\"https:\\\/\\\/sopenabarcelona.org\\\/es\\\/\",\"logo\":{\"@type\":\"ImageObject\",\"inLanguage\":\"es\",\"@id\":\"https:\\\/\\\/sopenabarcelona.org\\\/es\\\/#\\\/schema\\\/logo\\\/image\\\/\",\"url\":\"https:\\\/\\\/sopenabarcelona.org\\\/wp-content\\\/uploads\\\/2022\\\/03\\\/Fundacio-Dolores-Sopena-1-1.png\",\"contentUrl\":\"https:\\\/\\\/sopenabarcelona.org\\\/wp-content\\\/uploads\\\/2022\\\/03\\\/Fundacio-Dolores-Sopena-1-1.png\",\"width\":250,\"height\":93,\"caption\":\"Escola Sope\u00f1a Barcelona\"},\"image\":{\"@id\":\"https:\\\/\\\/sopenabarcelona.org\\\/es\\\/#\\\/schema\\\/logo\\\/image\\\/\"}}]}<\/script>\n<!-- \/ Yoast SEO plugin. -->","yoast_head_json":{"title":"Actividades extraescolares - Escola Sope\u00f1a Barcelona","robots":{"index":"index","follow":"follow","max-snippet":"max-snippet:-1","max-image-preview":"max-image-preview:large","max-video-preview":"max-video-preview:-1"},"canonical":"https:\/\/sopenabarcelona.org\/es\/la-escuela\/servicios\/actividades-extraescolares\/","og_locale":"es_ES","og_type":"article","og_title":"Actividades extraescolares - Escola Sope\u00f1a Barcelona","og_description":"Actividades extraescolares Las actividades extraescolares que se ofrecer\u00e1n en el curso 2022-2023, son las siguientes:&nbsp; VOLEIBOL&nbsp; F\u00daTBOL SALA&nbsp; BALONCESTO DANZA Pendientes de confirmaci\u00f3n otras ofertas en septiembre Las actividades extraescolares son un complemento de la educaci\u00f3n de la escuela.&nbsp; Estas actividades fomentan el crecimiento personal, las relaciones interpersonales y aumentan&nbsp; la motivaci\u00f3n de los alumnos.&hellip;","og_url":"https:\/\/sopenabarcelona.org\/es\/la-escuela\/servicios\/actividades-extraescolares\/","og_site_name":"Escola Sope\u00f1a Barcelona","article_modified_time":"2022-10-20T14:09:51+00:00","og_image":[{"width":300,"height":301,"url":"https:\/\/sopenabarcelona.org\/wp-content\/uploads\/2021\/11\/Dolores-Sopena.png","type":"image\/png"}],"twitter_card":"summary_large_image","twitter_misc":{"Tiempo de lectura":"2 minutos"},"schema":{"@context":"https:\/\/schema.org","@graph":[{"@type":"WebPage","@id":"https:\/\/sopenabarcelona.org\/es\/la-escuela\/servicios\/actividades-extraescolares\/","url":"https:\/\/sopenabarcelona.org\/es\/la-escuela\/servicios\/actividades-extraescolares\/","name":"Actividades extraescolares - Escola Sope\u00f1a Barcelona","isPartOf":{"@id":"https:\/\/sopenabarcelona.org\/es\/#website"},"primaryImageOfPage":{"@id":"https:\/\/sopenabarcelona.org\/es\/la-escuela\/servicios\/actividades-extraescolares\/#primaryimage"},"image":{"@id":"https:\/\/sopenabarcelona.org\/es\/la-escuela\/servicios\/actividades-extraescolares\/#primaryimage"},"thumbnailUrl":"https:\/\/sopenabarcelona.org\/wp-content\/uploads\/2021\/11\/Dolores-Sopena.png","datePublished":"2022-07-16T11:05:55+00:00","dateModified":"2022-10-20T14:09:51+00:00","breadcrumb":{"@id":"https:\/\/sopenabarcelona.org\/es\/la-escuela\/servicios\/actividades-extraescolares\/#breadcrumb"},"inLanguage":"es","potentialAction":[{"@type":"ReadAction","target":["https:\/\/sopenabarcelona.org\/es\/la-escuela\/servicios\/actividades-extraescolares\/"]}]},{"@type":"ImageObject","inLanguage":"es","@id":"https:\/\/sopenabarcelona.org\/es\/la-escuela\/servicios\/actividades-extraescolares\/#primaryimage","url":"https:\/\/sopenabarcelona.org\/wp-content\/uploads\/2021\/11\/Dolores-Sopena.png","contentUrl":"https:\/\/sopenabarcelona.org\/wp-content\/uploads\/2021\/11\/Dolores-Sopena.png","width":300,"height":301},{"@type":"BreadcrumbList","@id":"https:\/\/sopenabarcelona.org\/es\/la-escuela\/servicios\/actividades-extraescolares\/#breadcrumb","itemListElement":[{"@type":"ListItem","position":1,"name":"Inici","item":"https:\/\/sopenabarcelona.org\/es\/"},{"@type":"ListItem","position":2,"name":"La escuela","item":"https:\/\/sopenabarcelona.org\/es\/la-nostra-escola\/"},{"@type":"ListItem","position":3,"name":"Servicios","item":"https:\/\/sopenabarcelona.org\/es\/la-nostra-escola\/serveis\/"},{"@type":"ListItem","position":4,"name":"Actividades extraescolares"}]},{"@type":"WebSite","@id":"https:\/\/sopenabarcelona.org\/es\/#website","url":"https:\/\/sopenabarcelona.org\/es\/","name":"Escola Sope\u00f1a Barcelona","description":"Escola d&#039;ESO i Formaci\u00f3 Professional","publisher":{"@id":"https:\/\/sopenabarcelona.org\/es\/#organization"},"potentialAction":[{"@type":"SearchAction","target":{"@type":"EntryPoint","urlTemplate":"https:\/\/sopenabarcelona.org\/es\/?s={search_term_string}"},"query-input":{"@type":"PropertyValueSpecification","valueRequired":true,"valueName":"search_term_string"}}],"inLanguage":"es"},{"@type":"Organization","@id":"https:\/\/sopenabarcelona.org\/es\/#organization","name":"Escola Sope\u00f1a Barcelona","url":"https:\/\/sopenabarcelona.org\/es\/","logo":{"@type":"ImageObject","inLanguage":"es","@id":"https:\/\/sopenabarcelona.org\/es\/#\/schema\/logo\/image\/","url":"https:\/\/sopenabarcelona.org\/wp-content\/uploads\/2022\/03\/Fundacio-Dolores-Sopena-1-1.png","contentUrl":"https:\/\/sopenabarcelona.org\/wp-content\/uploads\/2022\/03\/Fundacio-Dolores-Sopena-1-1.png","width":250,"height":93,"caption":"Escola Sope\u00f1a Barcelona"},"image":{"@id":"https:\/\/sopenabarcelona.org\/es\/#\/schema\/logo\/image\/"}}]}},"_links":{"self":[{"href":"https:\/\/sopenabarcelona.org\/es\/wp-json\/wp\/v2\/pages\/11337","targetHints":{"allow":["GET"]}}],"collection":[{"href":"https:\/\/sopenabarcelona.org\/es\/wp-json\/wp\/v2\/pages"}],"about":[{"href":"https:\/\/sopenabarcelona.org\/es\/wp-json\/wp\/v2\/types\/page"}],"author":[{"embeddable":true,"href":"https:\/\/sopenabarcelona.org\/es\/wp-json\/wp\/v2\/users\/1"}],"replies":[{"embeddable":true,"href":"https:\/\/sopenabarcelona.org\/es\/wp-json\/wp\/v2\/comments?post=11337"}],"version-history":[{"count":1,"href":"https:\/\/sopenabarcelona.org\/es\/wp-json\/wp\/v2\/pages\/11337\/revisions"}],"predecessor-version":[{"id":11338,"href":"https:\/\/sopenabarcelona.org\/es\/wp-json\/wp\/v2\/pages\/11337\/revisions\/11338"}],"up":[{"embeddable":true,"href":"https:\/\/sopenabarcelona.org\/es\/wp-json\/wp\/v2\/pages\/11335"}],"wp:featuredmedia":[{"embeddable":true,"href":"https:\/\/sopenabarcelona.org\/es\/wp-json\/wp\/v2\/media\/10418"}],"wp:attachment":[{"href":"https:\/\/sopenabarcelona.org\/es\/wp-json\/wp\/v2\/media?parent=11337"}],"curies":[{"name":"wp","href":"https:\/\/api.w.org\/{rel}","templated":true}]}}