{"id":11349,"date":"2022-07-16T10:54:32","date_gmt":"2022-07-16T10:54:32","guid":{"rendered":"https:\/\/sopenabarcelona.org\/la-escuela\/servicios\/socializacion-libros\/"},"modified":"2022-10-28T17:06:27","modified_gmt":"2022-10-28T17:06:27","slug":"socializacion-libros","status":"publish","type":"page","link":"https:\/\/sopenabarcelona.org\/es\/la-escuela\/servicios\/socializacion-libros\/","title":{"rendered":"Socializaci\u00f3n libros"},"content":{"rendered":"\t\t<div data-elementor-type=\"wp-page\" data-elementor-id=\"11349\" class=\"elementor elementor-11349 elementor-8372\" data-elementor-post-type=\"page\">\n\t\t\t\t\t\t<section class=\"elementor-section elementor-top-section elementor-element elementor-element-a6d2d4f elementor-section-full_width elementor-section-height-min-height elementor-section-stretched elementor-section-height-default elementor-section-items-middle\" data-id=\"a6d2d4f\" data-element_type=\"section\" data-e-type=\"section\" data-settings=\"{&quot;stretch_section&quot;:&quot;section-stretched&quot;,&quot;background_background&quot;:&quot;classic&quot;,&quot;background_motion_fx_motion_fx_scrolling&quot;:&quot;yes&quot;,&quot;background_motion_fx_devices&quot;:[&quot;desktop&quot;,&quot;tablet&quot;,&quot;mobile&quot;]}\">\n\t\t\t\t\t\t<div class=\"elementor-container elementor-column-gap-default\">\n\t\t\t\t\t<div class=\"elementor-column elementor-col-33 elementor-top-column elementor-element elementor-element-ea83c15\" data-id=\"ea83c15\" data-element_type=\"column\" data-e-type=\"column\" data-settings=\"{&quot;background_background&quot;:&quot;classic&quot;}\">\n\t\t\t<div class=\"elementor-widget-wrap elementor-element-populated\">\n\t\t\t\t\t\t<div class=\"elementor-element elementor-element-35a2daf elementor-widget elementor-widget-heading\" data-id=\"35a2daf\" data-element_type=\"widget\" data-e-type=\"widget\" data-widget_type=\"heading.default\">\n\t\t\t\t<div class=\"elementor-widget-container\">\n\t\t\t\t\t<h2 class=\"elementor-heading-title elementor-size-default\">Socializaci\u00f3n libros<\/h2>\t\t\t\t<\/div>\n\t\t\t\t<\/div>\n\t\t\t\t\t<\/div>\n\t\t<\/div>\n\t\t\t\t<div class=\"elementor-column elementor-col-33 elementor-top-column elementor-element elementor-element-d67fe21\" data-id=\"d67fe21\" data-element_type=\"column\" data-e-type=\"column\">\n\t\t\t<div class=\"elementor-widget-wrap\">\n\t\t\t\t\t\t\t<\/div>\n\t\t<\/div>\n\t\t\t\t<div class=\"elementor-column elementor-col-33 elementor-top-column elementor-element elementor-element-a663448\" data-id=\"a663448\" data-element_type=\"column\" data-e-type=\"column\">\n\t\t\t<div class=\"elementor-widget-wrap\">\n\t\t\t\t\t\t\t<\/div>\n\t\t<\/div>\n\t\t\t\t\t<\/div>\n\t\t<\/section>\n\t\t\t\t<section class=\"elementor-section elementor-top-section elementor-element elementor-element-4cb9658 elementor-section-boxed elementor-section-height-default elementor-section-height-default\" data-id=\"4cb9658\" data-element_type=\"section\" data-e-type=\"section\" data-settings=\"{&quot;background_background&quot;:&quot;classic&quot;}\">\n\t\t\t\t\t\t<div class=\"elementor-container elementor-column-gap-default\">\n\t\t\t\t\t<div class=\"elementor-column elementor-col-100 elementor-top-column elementor-element elementor-element-1208cfa\" data-id=\"1208cfa\" data-element_type=\"column\" data-e-type=\"column\">\n\t\t\t<div class=\"elementor-widget-wrap elementor-element-populated\">\n\t\t\t\t\t\t<div class=\"elementor-element elementor-element-998c454 elementor-widget elementor-widget-text-editor\" data-id=\"998c454\" data-element_type=\"widget\" data-e-type=\"widget\" data-widget_type=\"text-editor.default\">\n\t\t\t\t<div class=\"elementor-widget-container\">\n\t\t\t\t\t\t\t\t\t<p>El proyecto de socializaci\u00f3n debe entenderse como un proyecto educativo a largo plazo, no s\u00f3lo por el ahorro que significa a las familias sino por qu\u00e9 supone cambios metodol\u00f3gicos y de mentalidad. Nos hace practicar h\u00e1bitos de trabajo y los valores de cuidado y respeto por los materiales comunes de uso y provecho colectivo. Este proyecto es posible gracias a la colaboraci\u00f3n de la AFA y de las familias.<\/p>\n\t\t\t\t\t\t\t\t<\/div>\n\t\t\t\t<\/div>\n\t\t\t\t<div class=\"elementor-element elementor-element-cf454a9 elementor-widget elementor-widget-spacer\" data-id=\"cf454a9\" data-element_type=\"widget\" data-e-type=\"widget\" data-widget_type=\"spacer.default\">\n\t\t\t\t<div class=\"elementor-widget-container\">\n\t\t\t\t\t\t\t<div class=\"elementor-spacer\">\n\t\t\t<div class=\"elementor-spacer-inner\"><\/div>\n\t\t<\/div>\n\t\t\t\t\t\t<\/div>\n\t\t\t\t<\/div>\n\t\t\t\t<section class=\"elementor-section elementor-inner-section elementor-element elementor-element-ac09c72 elementor-section-boxed elementor-section-height-default elementor-section-height-default\" data-id=\"ac09c72\" data-element_type=\"section\" data-e-type=\"section\">\n\t\t\t\t\t\t<div class=\"elementor-container elementor-column-gap-default\">\n\t\t\t\t\t<div class=\"elementor-column elementor-col-50 elementor-inner-column elementor-element elementor-element-c221928\" data-id=\"c221928\" data-element_type=\"column\" data-e-type=\"column\">\n\t\t\t<div class=\"elementor-widget-wrap elementor-element-populated\">\n\t\t\t\t\t\t<div class=\"elementor-element elementor-element-fdaf18b elementor-widget elementor-widget-text-editor\" data-id=\"fdaf18b\" data-element_type=\"widget\" data-e-type=\"widget\" data-widget_type=\"text-editor.default\">\n\t\t\t\t<div class=\"elementor-widget-container\">\n\t\t\t\t\t\t\t\t\t<p><span style=\"color: #222222; font-family: 'Josefin Sans', Helvetica, Arial, Verdana, sans-serif; font-size: 22px; font-weight: bold;\">Objetivos del proyecto<\/span><\/p><ul><li style=\"font-weight: 400;\" aria-level=\"1\"><span style=\"font-weight: 400;\">Educar para el consumo racional y sostenible y para el ahorro ecol\u00f3gico y econ\u00f3mico.<\/span><\/li><li style=\"font-weight: 400;\" aria-level=\"1\"><span style=\"font-weight: 400;\">Promover la cultura de la reutilizaci\u00f3n de los recursos.<\/span><\/li><\/ul><ul><li style=\"font-weight: 400;\" aria-level=\"1\"><span style=\"font-weight: 400;\">Promover proyectos educativos de centro, compartidos y gestionados por la comunidad educativa.<\/span><\/li><li style=\"font-weight: 400;\" aria-level=\"1\"><span style=\"font-weight: 400;\">Fomentar la cooperaci\u00f3n entre el alumnado, las familias y el profesorado.<\/span><\/li><\/ul><div>\u00a0<\/div><h4><b>Qu\u00e9 se socializa<\/b><\/h4><p><span style=\"font-weight: 400;\">Se socializan los libros de texto as\u00ed como las lecturas obligatorias y los libros de soporte dentro del aula.<\/span><\/p><p>\u00a0<\/p><h4><b>C\u00f3mo se organiza la distribuci\u00f3n de los\u00a0 <\/b><b>libros socializados<\/b><\/h4><p><span style=\"font-weight: 400;\">Al iniciar el curso se da a cada alumno\/a los que ser\u00e1n sus libros, con un n\u00famero y un distintivo que le recuerde que es un libro socializado y que por tanto a final de curso debe devolverlo. Debe entenderse que los libros se utilizan como si fuera un pr\u00e9stamo.<\/span><\/p><h4>\u00a0<\/h4>\t\t\t\t\t\t\t\t<\/div>\n\t\t\t\t<\/div>\n\t\t\t\t\t<\/div>\n\t\t<\/div>\n\t\t\t\t<div class=\"elementor-column elementor-col-50 elementor-inner-column elementor-element elementor-element-f52575f\" data-id=\"f52575f\" data-element_type=\"column\" data-e-type=\"column\">\n\t\t\t<div class=\"elementor-widget-wrap elementor-element-populated\">\n\t\t\t\t\t\t<div class=\"elementor-element elementor-element-b6d1c85 elementor-widget elementor-widget-text-editor\" data-id=\"b6d1c85\" data-element_type=\"widget\" data-e-type=\"widget\" data-widget_type=\"text-editor.default\">\n\t\t\t\t<div class=\"elementor-widget-container\">\n\t\t\t\t\t\t\t\t\t<h4><span style=\"font-weight: bold; color: #222222;\">Compromiso de las familias<\/span><\/h4><ul><li aria-level=\"1\">Las familias y el alumnado se comprometen a hacer un buen uso de los libros de texto, y de devolverlos al tutor\/a al finalizar el curso escolar, as\u00ed como restituirlos en caso de que hayan hecho un uso inadecuado que impida reutilizarlos posteriormente.<\/li><li aria-level=\"1\">Las familias se comprometen a sensibilizar a sus hijos\/as para cuidar los libros.<\/li><li aria-level=\"1\">Las familias pueden participar, a final de curso, en el proceso de revisi\u00f3n de libros supervisadas por el\/la profesor\/a responsable.<\/li><li aria-level=\"1\">En caso de que un\/a alumno\/a cause baja en el centro los libros de texto se quedar\u00e1n en la escuela ya que son socializados, de esta manera cuando la vacante es ocupada, el\/la alumno\/a tendr\u00e1 a la suya disposici\u00f3n los libros del curso.<\/li><\/ul><div>\u00a0<\/div><h4><b style=\"color: #222222; font-family: 'Josefin Sans', Helvetica, Arial, Verdana, sans-serif; font-size: 22px; word-spacing: normal;\">Compromiso del alumnado<\/b><\/h4><ul><li style=\"font-weight: 400;\" aria-level=\"1\"><span style=\"font-weight: 400;\">El alumno\/a se compromete a no escribir, subrayar, dibujar, tomar nota en los m\u00e1rgenes de p\u00e1gina, ni poner el nombre directamente.<\/span><\/li><li style=\"font-weight: 400;\" aria-level=\"1\"><span style=\"font-weight: 400;\">Es responsabilidad del alumnado el buen estado y buen uso de los libros. Si un libro se estropea o se pierde se debe comunicar lo antes posible al centro<\/span><\/li><li style=\"font-weight: 400;\" aria-level=\"1\"><span style=\"font-weight: 400;\">El alumno\/a entregar\u00e1 todos los libros al tutor\/a al finalizar el curso y se comprobar\u00e1 su estado al devolverlos.<\/span><\/li><li style=\"font-weight: 400;\" aria-level=\"1\"><span style=\"font-weight: 400;\">En caso de p\u00e9rdida o deterioro de un libro por mal uso, la familia deber\u00e1 abonar el 100% del valor del libro para poder reponerlo.<\/span> <span style=\"font-weight: 400;\">Si no se repone o abona el libro, el alumno\/a saldr\u00e1 autom\u00e1ticamente del proceso de socializaci\u00f3n de libros.<\/span><\/li><\/ul><h4><b>Compromiso de la escuela<\/b><\/h4><ul><li style=\"font-weight: 400;\" aria-level=\"1\"><span style=\"font-weight: 400;\">El profesorado se compromete a realizar un trabajo de sensibilizaci\u00f3n a la hora de trabajar con el libro socializado en el que no se puede escribir, rayar, pintar, estropear.<\/span><\/li><li style=\"font-weight: 400;\" aria-level=\"1\"><span style=\"font-weight: 400;\">El\/la tutor\/a se compromete a hablar de este proyecto con las familias en la reuni\u00f3n de comienzo de curso.<\/span><\/li><li style=\"font-weight: 400;\" aria-level=\"1\"><span style=\"font-weight: 400;\">Se velar\u00e1 por mantener el m\u00e1ximo de cursos posible los libros socializados, pero sin dejar de lado los criterios pedag\u00f3gicos que en un momento determinado puedan implicar un cambio de material.<\/span><\/li><\/ul>\t\t\t\t\t\t\t\t<\/div>\n\t\t\t\t<\/div>\n\t\t\t\t\t<\/div>\n\t\t<\/div>\n\t\t\t\t\t<\/div>\n\t\t<\/section>\n\t\t\t\t\t<\/div>\n\t\t<\/div>\n\t\t\t\t\t<\/div>\n\t\t<\/section>\n\t\t\t\t<\/div>\n\t\t","protected":false},"excerpt":{"rendered":"<p>Socializaci\u00f3n libros El proyecto de socializaci\u00f3n debe entenderse como un proyecto educativo a largo plazo, no s\u00f3lo por el ahorro que significa a las familias sino por qu\u00e9 supone cambios metodol\u00f3gicos y de mentalidad. Nos hace practicar h\u00e1bitos de trabajo y los valores de cuidado y respeto por los materiales comunes de uso y provecho&hellip;<\/p>\n","protected":false},"author":1,"featured_media":10418,"parent":11335,"menu_order":20,"comment_status":"closed","ping_status":"closed","template":"elementor_header_footer","meta":{"footnotes":""},"class_list":["post-11349","page","type-page","status-publish","has-post-thumbnail","hentry"],"yoast_head":"<!-- This site is optimized with the Yoast SEO plugin v27.4 - https:\/\/yoast.com\/product\/yoast-seo-wordpress\/ -->\n<title>Socializaci\u00f3n libros - Escola Sope\u00f1a Barcelona<\/title>\n<meta name=\"robots\" content=\"index, follow, max-snippet:-1, max-image-preview:large, max-video-preview:-1\" \/>\n<link rel=\"canonical\" href=\"https:\/\/sopenabarcelona.org\/es\/la-escuela\/servicios\/socializacion-libros\/\" \/>\n<meta property=\"og:locale\" content=\"es_ES\" \/>\n<meta property=\"og:type\" content=\"article\" \/>\n<meta property=\"og:title\" content=\"Socializaci\u00f3n libros - Escola Sope\u00f1a Barcelona\" \/>\n<meta property=\"og:description\" content=\"Socializaci\u00f3n libros El proyecto de socializaci\u00f3n debe entenderse como un proyecto educativo a largo plazo, no s\u00f3lo por el ahorro que significa a las familias sino por qu\u00e9 supone cambios metodol\u00f3gicos y de mentalidad. Nos hace practicar h\u00e1bitos de trabajo y los valores de cuidado y respeto por los materiales comunes de uso y provecho&hellip;\" \/>\n<meta property=\"og:url\" content=\"https:\/\/sopenabarcelona.org\/es\/la-escuela\/servicios\/socializacion-libros\/\" \/>\n<meta property=\"og:site_name\" content=\"Escola Sope\u00f1a Barcelona\" \/>\n<meta property=\"article:modified_time\" content=\"2022-10-28T17:06:27+00:00\" \/>\n<meta property=\"og:image\" content=\"https:\/\/sopenabarcelona.org\/wp-content\/uploads\/2021\/11\/Dolores-Sopena.png\" \/>\n\t<meta property=\"og:image:width\" content=\"300\" \/>\n\t<meta property=\"og:image:height\" content=\"301\" \/>\n\t<meta property=\"og:image:type\" content=\"image\/png\" \/>\n<meta name=\"twitter:card\" content=\"summary_large_image\" \/>\n<meta name=\"twitter:label1\" content=\"Tiempo de lectura\" \/>\n\t<meta name=\"twitter:data1\" content=\"3 minutos\" \/>\n<script type=\"application\/ld+json\" class=\"yoast-schema-graph\">{\"@context\":\"https:\\\/\\\/schema.org\",\"@graph\":[{\"@type\":\"WebPage\",\"@id\":\"https:\\\/\\\/sopenabarcelona.org\\\/es\\\/la-escuela\\\/servicios\\\/socializacion-libros\\\/\",\"url\":\"https:\\\/\\\/sopenabarcelona.org\\\/es\\\/la-escuela\\\/servicios\\\/socializacion-libros\\\/\",\"name\":\"Socializaci\u00f3n libros - Escola Sope\u00f1a Barcelona\",\"isPartOf\":{\"@id\":\"https:\\\/\\\/sopenabarcelona.org\\\/es\\\/#website\"},\"primaryImageOfPage\":{\"@id\":\"https:\\\/\\\/sopenabarcelona.org\\\/es\\\/la-escuela\\\/servicios\\\/socializacion-libros\\\/#primaryimage\"},\"image\":{\"@id\":\"https:\\\/\\\/sopenabarcelona.org\\\/es\\\/la-escuela\\\/servicios\\\/socializacion-libros\\\/#primaryimage\"},\"thumbnailUrl\":\"https:\\\/\\\/sopenabarcelona.org\\\/wp-content\\\/uploads\\\/2021\\\/11\\\/Dolores-Sopena.png\",\"datePublished\":\"2022-07-16T10:54:32+00:00\",\"dateModified\":\"2022-10-28T17:06:27+00:00\",\"breadcrumb\":{\"@id\":\"https:\\\/\\\/sopenabarcelona.org\\\/es\\\/la-escuela\\\/servicios\\\/socializacion-libros\\\/#breadcrumb\"},\"inLanguage\":\"es\",\"potentialAction\":[{\"@type\":\"ReadAction\",\"target\":[\"https:\\\/\\\/sopenabarcelona.org\\\/es\\\/la-escuela\\\/servicios\\\/socializacion-libros\\\/\"]}]},{\"@type\":\"ImageObject\",\"inLanguage\":\"es\",\"@id\":\"https:\\\/\\\/sopenabarcelona.org\\\/es\\\/la-escuela\\\/servicios\\\/socializacion-libros\\\/#primaryimage\",\"url\":\"https:\\\/\\\/sopenabarcelona.org\\\/wp-content\\\/uploads\\\/2021\\\/11\\\/Dolores-Sopena.png\",\"contentUrl\":\"https:\\\/\\\/sopenabarcelona.org\\\/wp-content\\\/uploads\\\/2021\\\/11\\\/Dolores-Sopena.png\",\"width\":300,\"height\":301},{\"@type\":\"BreadcrumbList\",\"@id\":\"https:\\\/\\\/sopenabarcelona.org\\\/es\\\/la-escuela\\\/servicios\\\/socializacion-libros\\\/#breadcrumb\",\"itemListElement\":[{\"@type\":\"ListItem\",\"position\":1,\"name\":\"Inici\",\"item\":\"https:\\\/\\\/sopenabarcelona.org\\\/es\\\/\"},{\"@type\":\"ListItem\",\"position\":2,\"name\":\"La escuela\",\"item\":\"https:\\\/\\\/sopenabarcelona.org\\\/es\\\/la-nostra-escola\\\/\"},{\"@type\":\"ListItem\",\"position\":3,\"name\":\"Servicios\",\"item\":\"https:\\\/\\\/sopenabarcelona.org\\\/es\\\/la-nostra-escola\\\/serveis\\\/\"},{\"@type\":\"ListItem\",\"position\":4,\"name\":\"Socializaci\u00f3n libros\"}]},{\"@type\":\"WebSite\",\"@id\":\"https:\\\/\\\/sopenabarcelona.org\\\/es\\\/#website\",\"url\":\"https:\\\/\\\/sopenabarcelona.org\\\/es\\\/\",\"name\":\"Escola Sope\u00f1a Barcelona\",\"description\":\"Escola d&#039;ESO i Formaci\u00f3 Professional\",\"publisher\":{\"@id\":\"https:\\\/\\\/sopenabarcelona.org\\\/es\\\/#organization\"},\"potentialAction\":[{\"@type\":\"SearchAction\",\"target\":{\"@type\":\"EntryPoint\",\"urlTemplate\":\"https:\\\/\\\/sopenabarcelona.org\\\/es\\\/?s={search_term_string}\"},\"query-input\":{\"@type\":\"PropertyValueSpecification\",\"valueRequired\":true,\"valueName\":\"search_term_string\"}}],\"inLanguage\":\"es\"},{\"@type\":\"Organization\",\"@id\":\"https:\\\/\\\/sopenabarcelona.org\\\/es\\\/#organization\",\"name\":\"Escola Sope\u00f1a Barcelona\",\"url\":\"https:\\\/\\\/sopenabarcelona.org\\\/es\\\/\",\"logo\":{\"@type\":\"ImageObject\",\"inLanguage\":\"es\",\"@id\":\"https:\\\/\\\/sopenabarcelona.org\\\/es\\\/#\\\/schema\\\/logo\\\/image\\\/\",\"url\":\"https:\\\/\\\/sopenabarcelona.org\\\/wp-content\\\/uploads\\\/2022\\\/03\\\/Fundacio-Dolores-Sopena-1-1.png\",\"contentUrl\":\"https:\\\/\\\/sopenabarcelona.org\\\/wp-content\\\/uploads\\\/2022\\\/03\\\/Fundacio-Dolores-Sopena-1-1.png\",\"width\":250,\"height\":93,\"caption\":\"Escola Sope\u00f1a Barcelona\"},\"image\":{\"@id\":\"https:\\\/\\\/sopenabarcelona.org\\\/es\\\/#\\\/schema\\\/logo\\\/image\\\/\"}}]}<\/script>\n<!-- \/ Yoast SEO plugin. -->","yoast_head_json":{"title":"Socializaci\u00f3n libros - Escola Sope\u00f1a Barcelona","robots":{"index":"index","follow":"follow","max-snippet":"max-snippet:-1","max-image-preview":"max-image-preview:large","max-video-preview":"max-video-preview:-1"},"canonical":"https:\/\/sopenabarcelona.org\/es\/la-escuela\/servicios\/socializacion-libros\/","og_locale":"es_ES","og_type":"article","og_title":"Socializaci\u00f3n libros - Escola Sope\u00f1a Barcelona","og_description":"Socializaci\u00f3n libros El proyecto de socializaci\u00f3n debe entenderse como un proyecto educativo a largo plazo, no s\u00f3lo por el ahorro que significa a las familias sino por qu\u00e9 supone cambios metodol\u00f3gicos y de mentalidad. Nos hace practicar h\u00e1bitos de trabajo y los valores de cuidado y respeto por los materiales comunes de uso y provecho&hellip;","og_url":"https:\/\/sopenabarcelona.org\/es\/la-escuela\/servicios\/socializacion-libros\/","og_site_name":"Escola Sope\u00f1a Barcelona","article_modified_time":"2022-10-28T17:06:27+00:00","og_image":[{"width":300,"height":301,"url":"https:\/\/sopenabarcelona.org\/wp-content\/uploads\/2021\/11\/Dolores-Sopena.png","type":"image\/png"}],"twitter_card":"summary_large_image","twitter_misc":{"Tiempo de lectura":"3 minutos"},"schema":{"@context":"https:\/\/schema.org","@graph":[{"@type":"WebPage","@id":"https:\/\/sopenabarcelona.org\/es\/la-escuela\/servicios\/socializacion-libros\/","url":"https:\/\/sopenabarcelona.org\/es\/la-escuela\/servicios\/socializacion-libros\/","name":"Socializaci\u00f3n libros - Escola Sope\u00f1a Barcelona","isPartOf":{"@id":"https:\/\/sopenabarcelona.org\/es\/#website"},"primaryImageOfPage":{"@id":"https:\/\/sopenabarcelona.org\/es\/la-escuela\/servicios\/socializacion-libros\/#primaryimage"},"image":{"@id":"https:\/\/sopenabarcelona.org\/es\/la-escuela\/servicios\/socializacion-libros\/#primaryimage"},"thumbnailUrl":"https:\/\/sopenabarcelona.org\/wp-content\/uploads\/2021\/11\/Dolores-Sopena.png","datePublished":"2022-07-16T10:54:32+00:00","dateModified":"2022-10-28T17:06:27+00:00","breadcrumb":{"@id":"https:\/\/sopenabarcelona.org\/es\/la-escuela\/servicios\/socializacion-libros\/#breadcrumb"},"inLanguage":"es","potentialAction":[{"@type":"ReadAction","target":["https:\/\/sopenabarcelona.org\/es\/la-escuela\/servicios\/socializacion-libros\/"]}]},{"@type":"ImageObject","inLanguage":"es","@id":"https:\/\/sopenabarcelona.org\/es\/la-escuela\/servicios\/socializacion-libros\/#primaryimage","url":"https:\/\/sopenabarcelona.org\/wp-content\/uploads\/2021\/11\/Dolores-Sopena.png","contentUrl":"https:\/\/sopenabarcelona.org\/wp-content\/uploads\/2021\/11\/Dolores-Sopena.png","width":300,"height":301},{"@type":"BreadcrumbList","@id":"https:\/\/sopenabarcelona.org\/es\/la-escuela\/servicios\/socializacion-libros\/#breadcrumb","itemListElement":[{"@type":"ListItem","position":1,"name":"Inici","item":"https:\/\/sopenabarcelona.org\/es\/"},{"@type":"ListItem","position":2,"name":"La escuela","item":"https:\/\/sopenabarcelona.org\/es\/la-nostra-escola\/"},{"@type":"ListItem","position":3,"name":"Servicios","item":"https:\/\/sopenabarcelona.org\/es\/la-nostra-escola\/serveis\/"},{"@type":"ListItem","position":4,"name":"Socializaci\u00f3n libros"}]},{"@type":"WebSite","@id":"https:\/\/sopenabarcelona.org\/es\/#website","url":"https:\/\/sopenabarcelona.org\/es\/","name":"Escola Sope\u00f1a Barcelona","description":"Escola d&#039;ESO i Formaci\u00f3 Professional","publisher":{"@id":"https:\/\/sopenabarcelona.org\/es\/#organization"},"potentialAction":[{"@type":"SearchAction","target":{"@type":"EntryPoint","urlTemplate":"https:\/\/sopenabarcelona.org\/es\/?s={search_term_string}"},"query-input":{"@type":"PropertyValueSpecification","valueRequired":true,"valueName":"search_term_string"}}],"inLanguage":"es"},{"@type":"Organization","@id":"https:\/\/sopenabarcelona.org\/es\/#organization","name":"Escola Sope\u00f1a Barcelona","url":"https:\/\/sopenabarcelona.org\/es\/","logo":{"@type":"ImageObject","inLanguage":"es","@id":"https:\/\/sopenabarcelona.org\/es\/#\/schema\/logo\/image\/","url":"https:\/\/sopenabarcelona.org\/wp-content\/uploads\/2022\/03\/Fundacio-Dolores-Sopena-1-1.png","contentUrl":"https:\/\/sopenabarcelona.org\/wp-content\/uploads\/2022\/03\/Fundacio-Dolores-Sopena-1-1.png","width":250,"height":93,"caption":"Escola Sope\u00f1a Barcelona"},"image":{"@id":"https:\/\/sopenabarcelona.org\/es\/#\/schema\/logo\/image\/"}}]}},"_links":{"self":[{"href":"https:\/\/sopenabarcelona.org\/es\/wp-json\/wp\/v2\/pages\/11349","targetHints":{"allow":["GET"]}}],"collection":[{"href":"https:\/\/sopenabarcelona.org\/es\/wp-json\/wp\/v2\/pages"}],"about":[{"href":"https:\/\/sopenabarcelona.org\/es\/wp-json\/wp\/v2\/types\/page"}],"author":[{"embeddable":true,"href":"https:\/\/sopenabarcelona.org\/es\/wp-json\/wp\/v2\/users\/1"}],"replies":[{"embeddable":true,"href":"https:\/\/sopenabarcelona.org\/es\/wp-json\/wp\/v2\/comments?post=11349"}],"version-history":[{"count":7,"href":"https:\/\/sopenabarcelona.org\/es\/wp-json\/wp\/v2\/pages\/11349\/revisions"}],"predecessor-version":[{"id":11812,"href":"https:\/\/sopenabarcelona.org\/es\/wp-json\/wp\/v2\/pages\/11349\/revisions\/11812"}],"up":[{"embeddable":true,"href":"https:\/\/sopenabarcelona.org\/es\/wp-json\/wp\/v2\/pages\/11335"}],"wp:featuredmedia":[{"embeddable":true,"href":"https:\/\/sopenabarcelona.org\/es\/wp-json\/wp\/v2\/media\/10418"}],"wp:attachment":[{"href":"https:\/\/sopenabarcelona.org\/es\/wp-json\/wp\/v2\/media?parent=11349"}],"curies":[{"name":"wp","href":"https:\/\/api.w.org\/{rel}","templated":true}]}}