{"id":11353,"date":"2022-07-18T11:10:59","date_gmt":"2022-07-18T11:10:59","guid":{"rendered":"https:\/\/sopenabarcelona.org\/la-escuela\/voluntariado-sopena\/"},"modified":"2022-10-21T10:17:11","modified_gmt":"2022-10-21T10:17:11","slug":"voluntariado-sopena","status":"publish","type":"page","link":"https:\/\/sopenabarcelona.org\/es\/la-escuela\/voluntariado-sopena\/","title":{"rendered":"Voluntariado Sope\u00f1a"},"content":{"rendered":"\t\t<div data-elementor-type=\"wp-page\" data-elementor-id=\"11353\" class=\"elementor elementor-11353 elementor-8429\" data-elementor-post-type=\"page\">\n\t\t\t\t\t\t<section class=\"elementor-section elementor-top-section elementor-element elementor-element-9404ccb elementor-section-full_width elementor-section-height-min-height elementor-section-stretched elementor-section-height-default elementor-section-items-middle\" data-id=\"9404ccb\" data-element_type=\"section\" data-e-type=\"section\" data-settings=\"{&quot;stretch_section&quot;:&quot;section-stretched&quot;,&quot;background_background&quot;:&quot;classic&quot;}\">\n\t\t\t\t\t\t<div class=\"elementor-container elementor-column-gap-default\">\n\t\t\t\t\t<div class=\"elementor-column elementor-col-50 elementor-top-column elementor-element elementor-element-cd28563\" data-id=\"cd28563\" data-element_type=\"column\" data-e-type=\"column\" data-settings=\"{&quot;background_background&quot;:&quot;classic&quot;}\">\n\t\t\t<div class=\"elementor-widget-wrap elementor-element-populated\">\n\t\t\t\t\t\t<div class=\"elementor-element elementor-element-7048fc5 elementor-widget elementor-widget-heading\" data-id=\"7048fc5\" data-element_type=\"widget\" data-e-type=\"widget\" data-widget_type=\"heading.default\">\n\t\t\t\t<div class=\"elementor-widget-container\">\n\t\t\t\t\t<h2 class=\"elementor-heading-title elementor-size-default\">Voluntariado Sope\u00f1a\u200b<\/h2>\t\t\t\t<\/div>\n\t\t\t\t<\/div>\n\t\t\t\t\t<\/div>\n\t\t<\/div>\n\t\t\t\t<div class=\"elementor-column elementor-col-50 elementor-top-column elementor-element elementor-element-fafb5de\" data-id=\"fafb5de\" data-element_type=\"column\" data-e-type=\"column\">\n\t\t\t<div class=\"elementor-widget-wrap\">\n\t\t\t\t\t\t\t<\/div>\n\t\t<\/div>\n\t\t\t\t\t<\/div>\n\t\t<\/section>\n\t\t\t\t<section class=\"elementor-section elementor-top-section elementor-element elementor-element-d59a966 elementor-section-boxed elementor-section-height-default elementor-section-height-default\" data-id=\"d59a966\" data-element_type=\"section\" data-e-type=\"section\">\n\t\t\t\t\t\t<div class=\"elementor-container elementor-column-gap-wider\">\n\t\t\t\t\t<div class=\"elementor-column elementor-col-66 elementor-top-column elementor-element elementor-element-f816885\" data-id=\"f816885\" data-element_type=\"column\" data-e-type=\"column\">\n\t\t\t<div class=\"elementor-widget-wrap elementor-element-populated\">\n\t\t\t\t\t\t<div class=\"elementor-element elementor-element-4bb98c3 elementor-widget elementor-widget-heading\" data-id=\"4bb98c3\" data-element_type=\"widget\" data-e-type=\"widget\" data-widget_type=\"heading.default\">\n\t\t\t\t<div class=\"elementor-widget-container\">\n\t\t\t\t\t<h4 class=\"elementor-heading-title elementor-size-medium\">Proyectos solidarios <\/h4>\t\t\t\t<\/div>\n\t\t\t\t<\/div>\n\t\t\t\t<div class=\"elementor-element elementor-element-b020767 elementor-widget elementor-widget-spacer\" data-id=\"b020767\" data-element_type=\"widget\" data-e-type=\"widget\" data-widget_type=\"spacer.default\">\n\t\t\t\t<div class=\"elementor-widget-container\">\n\t\t\t\t\t\t\t<div class=\"elementor-spacer\">\n\t\t\t<div class=\"elementor-spacer-inner\"><\/div>\n\t\t<\/div>\n\t\t\t\t\t\t<\/div>\n\t\t\t\t<\/div>\n\t\t\t\t<div class=\"elementor-element elementor-element-654b654 elementor-widget elementor-widget-text-editor\" data-id=\"654b654\" data-element_type=\"widget\" data-e-type=\"widget\" data-widget_type=\"text-editor.default\">\n\t\t\t\t<div class=\"elementor-widget-container\">\n\t\t\t\t\t\t\t\t\t<p><span style=\"font-weight: 400;\">Constituida por personas comprometidas con los sectores m\u00e1s desfavorecidos de la sociedad, que potencia proyectos de desarrollo comunitario en su beneficio, contribuyendo a un mundo m\u00e1s justo y solidario en el que todas las personas tengan su dignidad y libertad. <\/span><\/p>\n<p><b>Objetivos de la Fundaci\u00f3n <\/b><\/p>\n<ul>\n<li><span style=\"font-weight: 400;\">Defender los derechos humanos y trabajar por los m\u00e1s desfavorecidos\/as. <\/span><\/li>\n<li><span style=\"font-weight: 400;\">Gestionar y encauzar proyectos de desarrollo comunitario. <\/span><\/li>\n<li><span style=\"font-weight: 400;\">Posibilitar la participaci\u00f3n, compartir y voluntariado. <\/span><\/li>\n<li><span style=\"font-weight: 400;\">Incidir en un cambio de estructuras para conseguir un mundo m\u00e1s justo. <\/span><\/li>\n<li><span style=\"font-weight: 400;\">Sensibilizar e informar a la opini\u00f3n p\u00fablica. <\/span><\/li>\n<\/ul>\n<p><b>Proyectos y colaboraciones: <\/b><\/p>\n<ul>\n<li><span style=\"font-weight: 400;\">Un pelda\u00f1o para los dem\u00e1s<\/span><\/li>\n<li><span style=\"font-weight: 400;\">Grano de trigo<\/span><\/li>\n<li><span style=\"font-weight: 400;\">Banco de alimentos<\/span><\/li>\n<li><span style=\"font-weight: 400;\">Otros<\/span><\/li>\n<\/ul>\n\t\t\t\t\t\t\t\t<\/div>\n\t\t\t\t<\/div>\n\t\t\t\t<div class=\"elementor-element elementor-element-7f1df6f elementor-widget-divider--view-line elementor-widget elementor-widget-divider\" data-id=\"7f1df6f\" data-element_type=\"widget\" data-e-type=\"widget\" data-widget_type=\"divider.default\">\n\t\t\t\t<div class=\"elementor-widget-container\">\n\t\t\t\t\t\t\t<div class=\"elementor-divider\">\n\t\t\t<span class=\"elementor-divider-separator\">\n\t\t\t\t\t\t<\/span>\n\t\t<\/div>\n\t\t\t\t\t\t<\/div>\n\t\t\t\t<\/div>\n\t\t\t\t<div class=\"elementor-element elementor-element-92519c0 elementor-align-left elementor-widget elementor-widget-button\" data-id=\"92519c0\" data-element_type=\"widget\" data-e-type=\"widget\" data-widget_type=\"button.default\">\n\t\t\t\t<div class=\"elementor-widget-container\">\n\t\t\t\t\t\t\t\t\t<div class=\"elementor-button-wrapper\">\n\t\t\t\t\t<a class=\"elementor-button elementor-button-link elementor-size-sm\" href=\"http:\/\/www.sopenafundacion.org\/\" target=\"_blank\">\n\t\t\t\t\t\t<span class=\"elementor-button-content-wrapper\">\n\t\t\t\t\t\t<span class=\"elementor-button-icon\">\n\t\t\t\t<i aria-hidden=\"true\" class=\"fas fa-angle-right\"><\/i>\t\t\t<\/span>\n\t\t\t\t\t\t\t\t\t<span class=\"elementor-button-text\">Fundaci\u00f3n Dolores Sope\u00f1a<\/span>\n\t\t\t\t\t<\/span>\n\t\t\t\t\t<\/a>\n\t\t\t\t<\/div>\n\t\t\t\t\t\t\t\t<\/div>\n\t\t\t\t<\/div>\n\t\t\t\t<div class=\"elementor-element elementor-element-d292fe0 elementor-widget elementor-widget-spacer\" data-id=\"d292fe0\" data-element_type=\"widget\" data-e-type=\"widget\" data-widget_type=\"spacer.default\">\n\t\t\t\t<div class=\"elementor-widget-container\">\n\t\t\t\t\t\t\t<div class=\"elementor-spacer\">\n\t\t\t<div class=\"elementor-spacer-inner\"><\/div>\n\t\t<\/div>\n\t\t\t\t\t\t<\/div>\n\t\t\t\t<\/div>\n\t\t\t\t\t<\/div>\n\t\t<\/div>\n\t\t\t\t<div class=\"elementor-column elementor-col-33 elementor-top-column elementor-element elementor-element-016581f\" data-id=\"016581f\" data-element_type=\"column\" data-e-type=\"column\">\n\t\t\t<div class=\"elementor-widget-wrap elementor-element-populated\">\n\t\t\t\t\t\t<div class=\"elementor-element elementor-element-e679128 elementor-widget elementor-widget-image\" data-id=\"e679128\" data-element_type=\"widget\" data-e-type=\"widget\" data-widget_type=\"image.default\">\n\t\t\t\t<div class=\"elementor-widget-container\">\n\t\t\t\t\t\t\t\t\t\t\t\t\t\t\t<img fetchpriority=\"high\" decoding=\"async\" width=\"1536\" height=\"1152\" src=\"https:\/\/sopenabarcelona.org\/wp-content\/uploads\/2022\/07\/20181211_101939-1536x1152.jpg\" class=\"attachment-1536x1536 size-1536x1536 wp-image-11198\" alt=\"\" srcset=\"https:\/\/sopenabarcelona.org\/wp-content\/uploads\/2022\/07\/20181211_101939-1536x1152.jpg 1536w, https:\/\/sopenabarcelona.org\/wp-content\/uploads\/2022\/07\/20181211_101939-300x225.jpg 300w, https:\/\/sopenabarcelona.org\/wp-content\/uploads\/2022\/07\/20181211_101939-1024x768.jpg 1024w, https:\/\/sopenabarcelona.org\/wp-content\/uploads\/2022\/07\/20181211_101939-768x576.jpg 768w, https:\/\/sopenabarcelona.org\/wp-content\/uploads\/2022\/07\/20181211_101939-2048x1536.jpg 2048w, https:\/\/sopenabarcelona.org\/wp-content\/uploads\/2022\/07\/20181211_101939-900x675.jpg 900w, https:\/\/sopenabarcelona.org\/wp-content\/uploads\/2022\/07\/20181211_101939-1200x900.jpg 1200w\" sizes=\"(max-width: 1536px) 100vw, 1536px\" \/>\t\t\t\t\t\t\t\t\t\t\t\t\t\t\t<\/div>\n\t\t\t\t<\/div>\n\t\t\t\t<div class=\"elementor-element elementor-element-bd25817 elementor-widget__width-inherit elementor-widget elementor-widget-image\" data-id=\"bd25817\" data-element_type=\"widget\" data-e-type=\"widget\" data-widget_type=\"image.default\">\n\t\t\t\t<div class=\"elementor-widget-container\">\n\t\t\t\t\t\t\t\t\t\t\t\t\t\t\t<img fetchpriority=\"high\" decoding=\"async\" width=\"1536\" height=\"1152\" src=\"https:\/\/sopenabarcelona.org\/wp-content\/uploads\/2022\/07\/20181211_101939-1536x1152.jpg\" class=\"attachment-1536x1536 size-1536x1536 wp-image-11198\" alt=\"\" srcset=\"https:\/\/sopenabarcelona.org\/wp-content\/uploads\/2022\/07\/20181211_101939-1536x1152.jpg 1536w, https:\/\/sopenabarcelona.org\/wp-content\/uploads\/2022\/07\/20181211_101939-300x225.jpg 300w, https:\/\/sopenabarcelona.org\/wp-content\/uploads\/2022\/07\/20181211_101939-1024x768.jpg 1024w, https:\/\/sopenabarcelona.org\/wp-content\/uploads\/2022\/07\/20181211_101939-768x576.jpg 768w, https:\/\/sopenabarcelona.org\/wp-content\/uploads\/2022\/07\/20181211_101939-2048x1536.jpg 2048w, https:\/\/sopenabarcelona.org\/wp-content\/uploads\/2022\/07\/20181211_101939-900x675.jpg 900w, https:\/\/sopenabarcelona.org\/wp-content\/uploads\/2022\/07\/20181211_101939-1200x900.jpg 1200w\" sizes=\"(max-width: 1536px) 100vw, 1536px\" \/>\t\t\t\t\t\t\t\t\t\t\t\t\t\t\t<\/div>\n\t\t\t\t<\/div>\n\t\t\t\t<div class=\"elementor-element elementor-element-953f441 elementor-widget elementor-widget-image\" data-id=\"953f441\" data-element_type=\"widget\" data-e-type=\"widget\" data-widget_type=\"image.default\">\n\t\t\t\t<div class=\"elementor-widget-container\">\n\t\t\t\t\t\t\t\t\t\t\t\t\t\t\t<img fetchpriority=\"high\" decoding=\"async\" width=\"1536\" height=\"1152\" src=\"https:\/\/sopenabarcelona.org\/wp-content\/uploads\/2022\/07\/20181211_101939-1536x1152.jpg\" class=\"attachment-1536x1536 size-1536x1536 wp-image-11198\" alt=\"\" srcset=\"https:\/\/sopenabarcelona.org\/wp-content\/uploads\/2022\/07\/20181211_101939-1536x1152.jpg 1536w, https:\/\/sopenabarcelona.org\/wp-content\/uploads\/2022\/07\/20181211_101939-300x225.jpg 300w, https:\/\/sopenabarcelona.org\/wp-content\/uploads\/2022\/07\/20181211_101939-1024x768.jpg 1024w, https:\/\/sopenabarcelona.org\/wp-content\/uploads\/2022\/07\/20181211_101939-768x576.jpg 768w, https:\/\/sopenabarcelona.org\/wp-content\/uploads\/2022\/07\/20181211_101939-2048x1536.jpg 2048w, https:\/\/sopenabarcelona.org\/wp-content\/uploads\/2022\/07\/20181211_101939-900x675.jpg 900w, https:\/\/sopenabarcelona.org\/wp-content\/uploads\/2022\/07\/20181211_101939-1200x900.jpg 1200w\" sizes=\"(max-width: 1536px) 100vw, 1536px\" \/>\t\t\t\t\t\t\t\t\t\t\t\t\t\t\t<\/div>\n\t\t\t\t<\/div>\n\t\t\t\t\t<\/div>\n\t\t<\/div>\n\t\t\t\t\t<\/div>\n\t\t<\/section>\n\t\t\t\t<\/div>\n\t\t","protected":false},"excerpt":{"rendered":"<p>Voluntariado Sope\u00f1a\u200b Proyectos solidarios Constituida por personas comprometidas con los sectores m\u00e1s desfavorecidos de la sociedad, que potencia proyectos de desarrollo comunitario en su beneficio, contribuyendo a un mundo m\u00e1s justo y solidario en el que todas las personas tengan su dignidad y libertad. Objetivos de la Fundaci\u00f3n Defender los derechos humanos y trabajar por&hellip;<\/p>\n","protected":false},"author":1,"featured_media":10418,"parent":11299,"menu_order":20,"comment_status":"closed","ping_status":"closed","template":"elementor_header_footer","meta":{"footnotes":""},"class_list":["post-11353","page","type-page","status-publish","has-post-thumbnail","hentry"],"yoast_head":"<!-- This site is optimized with the Yoast SEO plugin v27.3 - https:\/\/yoast.com\/product\/yoast-seo-wordpress\/ -->\n<title>Voluntariado Sope\u00f1a - Escola Sope\u00f1a Barcelona<\/title>\n<meta name=\"robots\" content=\"index, follow, max-snippet:-1, max-image-preview:large, max-video-preview:-1\" \/>\n<link rel=\"canonical\" href=\"https:\/\/sopenabarcelona.org\/es\/la-escuela\/voluntariado-sopena\/\" \/>\n<meta property=\"og:locale\" content=\"es_ES\" \/>\n<meta property=\"og:type\" content=\"article\" \/>\n<meta property=\"og:title\" content=\"Voluntariado Sope\u00f1a - Escola Sope\u00f1a Barcelona\" \/>\n<meta property=\"og:description\" content=\"Voluntariado Sope\u00f1a\u200b Proyectos solidarios Constituida por personas comprometidas con los sectores m\u00e1s desfavorecidos de la sociedad, que potencia proyectos de desarrollo comunitario en su beneficio, contribuyendo a un mundo m\u00e1s justo y solidario en el que todas las personas tengan su dignidad y libertad. Objetivos de la Fundaci\u00f3n Defender los derechos humanos y trabajar por&hellip;\" \/>\n<meta property=\"og:url\" content=\"https:\/\/sopenabarcelona.org\/es\/la-escuela\/voluntariado-sopena\/\" \/>\n<meta property=\"og:site_name\" content=\"Escola Sope\u00f1a Barcelona\" \/>\n<meta property=\"article:modified_time\" content=\"2022-10-21T10:17:11+00:00\" \/>\n<meta property=\"og:image\" content=\"https:\/\/sopenabarcelona.org\/wp-content\/uploads\/2021\/11\/Dolores-Sopena.png\" \/>\n\t<meta property=\"og:image:width\" content=\"300\" \/>\n\t<meta property=\"og:image:height\" content=\"301\" \/>\n\t<meta property=\"og:image:type\" content=\"image\/png\" \/>\n<meta name=\"twitter:card\" content=\"summary_large_image\" \/>\n<meta name=\"twitter:label1\" content=\"Tiempo de lectura\" \/>\n\t<meta name=\"twitter:data1\" content=\"1 minuto\" \/>\n<script type=\"application\/ld+json\" class=\"yoast-schema-graph\">{\"@context\":\"https:\\\/\\\/schema.org\",\"@graph\":[{\"@type\":\"WebPage\",\"@id\":\"https:\\\/\\\/sopenabarcelona.org\\\/es\\\/la-escuela\\\/voluntariado-sopena\\\/\",\"url\":\"https:\\\/\\\/sopenabarcelona.org\\\/es\\\/la-escuela\\\/voluntariado-sopena\\\/\",\"name\":\"Voluntariado Sope\u00f1a - Escola Sope\u00f1a Barcelona\",\"isPartOf\":{\"@id\":\"https:\\\/\\\/sopenabarcelona.org\\\/es\\\/#website\"},\"primaryImageOfPage\":{\"@id\":\"https:\\\/\\\/sopenabarcelona.org\\\/es\\\/la-escuela\\\/voluntariado-sopena\\\/#primaryimage\"},\"image\":{\"@id\":\"https:\\\/\\\/sopenabarcelona.org\\\/es\\\/la-escuela\\\/voluntariado-sopena\\\/#primaryimage\"},\"thumbnailUrl\":\"https:\\\/\\\/sopenabarcelona.org\\\/wp-content\\\/uploads\\\/2021\\\/11\\\/Dolores-Sopena.png\",\"datePublished\":\"2022-07-18T11:10:59+00:00\",\"dateModified\":\"2022-10-21T10:17:11+00:00\",\"breadcrumb\":{\"@id\":\"https:\\\/\\\/sopenabarcelona.org\\\/es\\\/la-escuela\\\/voluntariado-sopena\\\/#breadcrumb\"},\"inLanguage\":\"es\",\"potentialAction\":[{\"@type\":\"ReadAction\",\"target\":[\"https:\\\/\\\/sopenabarcelona.org\\\/es\\\/la-escuela\\\/voluntariado-sopena\\\/\"]}]},{\"@type\":\"ImageObject\",\"inLanguage\":\"es\",\"@id\":\"https:\\\/\\\/sopenabarcelona.org\\\/es\\\/la-escuela\\\/voluntariado-sopena\\\/#primaryimage\",\"url\":\"https:\\\/\\\/sopenabarcelona.org\\\/wp-content\\\/uploads\\\/2021\\\/11\\\/Dolores-Sopena.png\",\"contentUrl\":\"https:\\\/\\\/sopenabarcelona.org\\\/wp-content\\\/uploads\\\/2021\\\/11\\\/Dolores-Sopena.png\",\"width\":300,\"height\":301},{\"@type\":\"BreadcrumbList\",\"@id\":\"https:\\\/\\\/sopenabarcelona.org\\\/es\\\/la-escuela\\\/voluntariado-sopena\\\/#breadcrumb\",\"itemListElement\":[{\"@type\":\"ListItem\",\"position\":1,\"name\":\"Inici\",\"item\":\"https:\\\/\\\/sopenabarcelona.org\\\/es\\\/\"},{\"@type\":\"ListItem\",\"position\":2,\"name\":\"La escuela\",\"item\":\"https:\\\/\\\/sopenabarcelona.org\\\/es\\\/la-nostra-escola\\\/\"},{\"@type\":\"ListItem\",\"position\":3,\"name\":\"Voluntariado Sope\u00f1a\"}]},{\"@type\":\"WebSite\",\"@id\":\"https:\\\/\\\/sopenabarcelona.org\\\/es\\\/#website\",\"url\":\"https:\\\/\\\/sopenabarcelona.org\\\/es\\\/\",\"name\":\"Escola Sope\u00f1a Barcelona\",\"description\":\"Escola d&#039;ESO i Formaci\u00f3 Professional\",\"publisher\":{\"@id\":\"https:\\\/\\\/sopenabarcelona.org\\\/es\\\/#organization\"},\"potentialAction\":[{\"@type\":\"SearchAction\",\"target\":{\"@type\":\"EntryPoint\",\"urlTemplate\":\"https:\\\/\\\/sopenabarcelona.org\\\/es\\\/?s={search_term_string}\"},\"query-input\":{\"@type\":\"PropertyValueSpecification\",\"valueRequired\":true,\"valueName\":\"search_term_string\"}}],\"inLanguage\":\"es\"},{\"@type\":\"Organization\",\"@id\":\"https:\\\/\\\/sopenabarcelona.org\\\/es\\\/#organization\",\"name\":\"Escola Sope\u00f1a Barcelona\",\"url\":\"https:\\\/\\\/sopenabarcelona.org\\\/es\\\/\",\"logo\":{\"@type\":\"ImageObject\",\"inLanguage\":\"es\",\"@id\":\"https:\\\/\\\/sopenabarcelona.org\\\/es\\\/#\\\/schema\\\/logo\\\/image\\\/\",\"url\":\"https:\\\/\\\/sopenabarcelona.org\\\/wp-content\\\/uploads\\\/2022\\\/03\\\/Fundacio-Dolores-Sopena-1-1.png\",\"contentUrl\":\"https:\\\/\\\/sopenabarcelona.org\\\/wp-content\\\/uploads\\\/2022\\\/03\\\/Fundacio-Dolores-Sopena-1-1.png\",\"width\":250,\"height\":93,\"caption\":\"Escola Sope\u00f1a Barcelona\"},\"image\":{\"@id\":\"https:\\\/\\\/sopenabarcelona.org\\\/es\\\/#\\\/schema\\\/logo\\\/image\\\/\"}}]}<\/script>\n<!-- \/ Yoast SEO plugin. -->","yoast_head_json":{"title":"Voluntariado Sope\u00f1a - Escola Sope\u00f1a Barcelona","robots":{"index":"index","follow":"follow","max-snippet":"max-snippet:-1","max-image-preview":"max-image-preview:large","max-video-preview":"max-video-preview:-1"},"canonical":"https:\/\/sopenabarcelona.org\/es\/la-escuela\/voluntariado-sopena\/","og_locale":"es_ES","og_type":"article","og_title":"Voluntariado Sope\u00f1a - Escola Sope\u00f1a Barcelona","og_description":"Voluntariado Sope\u00f1a\u200b Proyectos solidarios Constituida por personas comprometidas con los sectores m\u00e1s desfavorecidos de la sociedad, que potencia proyectos de desarrollo comunitario en su beneficio, contribuyendo a un mundo m\u00e1s justo y solidario en el que todas las personas tengan su dignidad y libertad. Objetivos de la Fundaci\u00f3n Defender los derechos humanos y trabajar por&hellip;","og_url":"https:\/\/sopenabarcelona.org\/es\/la-escuela\/voluntariado-sopena\/","og_site_name":"Escola Sope\u00f1a Barcelona","article_modified_time":"2022-10-21T10:17:11+00:00","og_image":[{"width":300,"height":301,"url":"https:\/\/sopenabarcelona.org\/wp-content\/uploads\/2021\/11\/Dolores-Sopena.png","type":"image\/png"}],"twitter_card":"summary_large_image","twitter_misc":{"Tiempo de lectura":"1 minuto"},"schema":{"@context":"https:\/\/schema.org","@graph":[{"@type":"WebPage","@id":"https:\/\/sopenabarcelona.org\/es\/la-escuela\/voluntariado-sopena\/","url":"https:\/\/sopenabarcelona.org\/es\/la-escuela\/voluntariado-sopena\/","name":"Voluntariado Sope\u00f1a - Escola Sope\u00f1a Barcelona","isPartOf":{"@id":"https:\/\/sopenabarcelona.org\/es\/#website"},"primaryImageOfPage":{"@id":"https:\/\/sopenabarcelona.org\/es\/la-escuela\/voluntariado-sopena\/#primaryimage"},"image":{"@id":"https:\/\/sopenabarcelona.org\/es\/la-escuela\/voluntariado-sopena\/#primaryimage"},"thumbnailUrl":"https:\/\/sopenabarcelona.org\/wp-content\/uploads\/2021\/11\/Dolores-Sopena.png","datePublished":"2022-07-18T11:10:59+00:00","dateModified":"2022-10-21T10:17:11+00:00","breadcrumb":{"@id":"https:\/\/sopenabarcelona.org\/es\/la-escuela\/voluntariado-sopena\/#breadcrumb"},"inLanguage":"es","potentialAction":[{"@type":"ReadAction","target":["https:\/\/sopenabarcelona.org\/es\/la-escuela\/voluntariado-sopena\/"]}]},{"@type":"ImageObject","inLanguage":"es","@id":"https:\/\/sopenabarcelona.org\/es\/la-escuela\/voluntariado-sopena\/#primaryimage","url":"https:\/\/sopenabarcelona.org\/wp-content\/uploads\/2021\/11\/Dolores-Sopena.png","contentUrl":"https:\/\/sopenabarcelona.org\/wp-content\/uploads\/2021\/11\/Dolores-Sopena.png","width":300,"height":301},{"@type":"BreadcrumbList","@id":"https:\/\/sopenabarcelona.org\/es\/la-escuela\/voluntariado-sopena\/#breadcrumb","itemListElement":[{"@type":"ListItem","position":1,"name":"Inici","item":"https:\/\/sopenabarcelona.org\/es\/"},{"@type":"ListItem","position":2,"name":"La escuela","item":"https:\/\/sopenabarcelona.org\/es\/la-nostra-escola\/"},{"@type":"ListItem","position":3,"name":"Voluntariado Sope\u00f1a"}]},{"@type":"WebSite","@id":"https:\/\/sopenabarcelona.org\/es\/#website","url":"https:\/\/sopenabarcelona.org\/es\/","name":"Escola Sope\u00f1a Barcelona","description":"Escola d&#039;ESO i Formaci\u00f3 Professional","publisher":{"@id":"https:\/\/sopenabarcelona.org\/es\/#organization"},"potentialAction":[{"@type":"SearchAction","target":{"@type":"EntryPoint","urlTemplate":"https:\/\/sopenabarcelona.org\/es\/?s={search_term_string}"},"query-input":{"@type":"PropertyValueSpecification","valueRequired":true,"valueName":"search_term_string"}}],"inLanguage":"es"},{"@type":"Organization","@id":"https:\/\/sopenabarcelona.org\/es\/#organization","name":"Escola Sope\u00f1a Barcelona","url":"https:\/\/sopenabarcelona.org\/es\/","logo":{"@type":"ImageObject","inLanguage":"es","@id":"https:\/\/sopenabarcelona.org\/es\/#\/schema\/logo\/image\/","url":"https:\/\/sopenabarcelona.org\/wp-content\/uploads\/2022\/03\/Fundacio-Dolores-Sopena-1-1.png","contentUrl":"https:\/\/sopenabarcelona.org\/wp-content\/uploads\/2022\/03\/Fundacio-Dolores-Sopena-1-1.png","width":250,"height":93,"caption":"Escola Sope\u00f1a Barcelona"},"image":{"@id":"https:\/\/sopenabarcelona.org\/es\/#\/schema\/logo\/image\/"}}]}},"_links":{"self":[{"href":"https:\/\/sopenabarcelona.org\/es\/wp-json\/wp\/v2\/pages\/11353","targetHints":{"allow":["GET"]}}],"collection":[{"href":"https:\/\/sopenabarcelona.org\/es\/wp-json\/wp\/v2\/pages"}],"about":[{"href":"https:\/\/sopenabarcelona.org\/es\/wp-json\/wp\/v2\/types\/page"}],"author":[{"embeddable":true,"href":"https:\/\/sopenabarcelona.org\/es\/wp-json\/wp\/v2\/users\/1"}],"replies":[{"embeddable":true,"href":"https:\/\/sopenabarcelona.org\/es\/wp-json\/wp\/v2\/comments?post=11353"}],"version-history":[{"count":1,"href":"https:\/\/sopenabarcelona.org\/es\/wp-json\/wp\/v2\/pages\/11353\/revisions"}],"predecessor-version":[{"id":11354,"href":"https:\/\/sopenabarcelona.org\/es\/wp-json\/wp\/v2\/pages\/11353\/revisions\/11354"}],"up":[{"embeddable":true,"href":"https:\/\/sopenabarcelona.org\/es\/wp-json\/wp\/v2\/pages\/11299"}],"wp:featuredmedia":[{"embeddable":true,"href":"https:\/\/sopenabarcelona.org\/es\/wp-json\/wp\/v2\/media\/10418"}],"wp:attachment":[{"href":"https:\/\/sopenabarcelona.org\/es\/wp-json\/wp\/v2\/media?parent=11353"}],"curies":[{"name":"wp","href":"https:\/\/api.w.org\/{rel}","templated":true}]}}