{"id":11357,"date":"2022-07-20T17:02:26","date_gmt":"2022-07-20T17:02:26","guid":{"rendered":"https:\/\/sopenabarcelona.org\/la-escuela\/equipo-directivo\/"},"modified":"2025-01-14T07:21:45","modified_gmt":"2025-01-14T07:21:45","slug":"equipo-directivo","status":"publish","type":"page","link":"https:\/\/sopenabarcelona.org\/es\/la-escuela\/equipo-directivo\/","title":{"rendered":"Equipo directivo"},"content":{"rendered":"\t\t<div data-elementor-type=\"wp-page\" data-elementor-id=\"11357\" class=\"elementor elementor-11357 elementor-8638\" data-elementor-post-type=\"page\">\n\t\t\t\t\t\t<section class=\"elementor-section elementor-top-section elementor-element elementor-element-c83a6f8 elementor-section-boxed elementor-section-height-default elementor-section-height-default\" data-id=\"c83a6f8\" data-element_type=\"section\" data-e-type=\"section\">\n\t\t\t\t\t\t\t<div class=\"elementor-background-overlay\"><\/div>\n\t\t\t\t\t\t\t<div class=\"elementor-container elementor-column-gap-default\">\n\t\t\t\t\t<div class=\"elementor-column elementor-col-16 elementor-top-column elementor-element elementor-element-968fd12\" data-id=\"968fd12\" data-element_type=\"column\" data-e-type=\"column\">\n\t\t\t<div class=\"elementor-widget-wrap\">\n\t\t\t\t\t\t\t<\/div>\n\t\t<\/div>\n\t\t\t\t<div class=\"elementor-column elementor-col-66 elementor-top-column elementor-element elementor-element-39691ec\" data-id=\"39691ec\" data-element_type=\"column\" data-e-type=\"column\">\n\t\t\t<div class=\"elementor-widget-wrap elementor-element-populated\">\n\t\t\t\t\t\t<div class=\"elementor-element elementor-element-f5f73b4 elementor-widget elementor-widget-spacer\" data-id=\"f5f73b4\" data-element_type=\"widget\" data-e-type=\"widget\" data-widget_type=\"spacer.default\">\n\t\t\t\t<div class=\"elementor-widget-container\">\n\t\t\t\t\t\t\t<div class=\"elementor-spacer\">\n\t\t\t<div class=\"elementor-spacer-inner\"><\/div>\n\t\t<\/div>\n\t\t\t\t\t\t<\/div>\n\t\t\t\t<\/div>\n\t\t\t\t<div class=\"elementor-element elementor-element-aa38f38 elementor-widget elementor-widget-heading\" data-id=\"aa38f38\" data-element_type=\"widget\" data-e-type=\"widget\" data-widget_type=\"heading.default\">\n\t\t\t\t<div class=\"elementor-widget-container\">\n\t\t\t\t\t<h2 class=\"elementor-heading-title elementor-size-default\">Equipo directivo<\/h2>\t\t\t\t<\/div>\n\t\t\t\t<\/div>\n\t\t\t\t\t<\/div>\n\t\t<\/div>\n\t\t\t\t<div class=\"elementor-column elementor-col-16 elementor-top-column elementor-element elementor-element-90aa367\" data-id=\"90aa367\" data-element_type=\"column\" data-e-type=\"column\">\n\t\t\t<div class=\"elementor-widget-wrap\">\n\t\t\t\t\t\t\t<\/div>\n\t\t<\/div>\n\t\t\t\t\t<\/div>\n\t\t<\/section>\n\t\t\t\t<section class=\"elementor-section elementor-top-section elementor-element elementor-element-2e54f05 elementor-section-boxed elementor-section-height-default elementor-section-height-default\" data-id=\"2e54f05\" data-element_type=\"section\" data-e-type=\"section\">\n\t\t\t\t\t\t<div class=\"elementor-container elementor-column-gap-default\">\n\t\t\t\t\t<div class=\"elementor-column elementor-col-100 elementor-top-column elementor-element elementor-element-d230cb8\" data-id=\"d230cb8\" data-element_type=\"column\" data-e-type=\"column\">\n\t\t\t<div class=\"elementor-widget-wrap elementor-element-populated\">\n\t\t\t\t\t\t<div class=\"elementor-element elementor-element-bb8eb6a elementor-widget elementor-widget-spacer\" data-id=\"bb8eb6a\" data-element_type=\"widget\" data-e-type=\"widget\" data-widget_type=\"spacer.default\">\n\t\t\t\t<div class=\"elementor-widget-container\">\n\t\t\t\t\t\t\t<div class=\"elementor-spacer\">\n\t\t\t<div class=\"elementor-spacer-inner\"><\/div>\n\t\t<\/div>\n\t\t\t\t\t\t<\/div>\n\t\t\t\t<\/div>\n\t\t\t\t\t<\/div>\n\t\t<\/div>\n\t\t\t\t\t<\/div>\n\t\t<\/section>\n\t\t\t\t<section class=\"elementor-section elementor-top-section elementor-element elementor-element-91b9bff elementor-section-boxed elementor-section-height-default elementor-section-height-default\" data-id=\"91b9bff\" data-element_type=\"section\" data-e-type=\"section\" data-settings=\"{&quot;background_background&quot;:&quot;classic&quot;}\">\n\t\t\t\t\t\t<div class=\"elementor-container elementor-column-gap-default\">\n\t\t\t\t\t<div class=\"elementor-column elementor-col-16 elementor-top-column elementor-element elementor-element-745d1bf\" data-id=\"745d1bf\" data-element_type=\"column\" data-e-type=\"column\">\n\t\t\t<div class=\"elementor-widget-wrap\">\n\t\t\t\t\t\t\t<\/div>\n\t\t<\/div>\n\t\t\t\t<div class=\"elementor-column elementor-col-66 elementor-top-column elementor-element elementor-element-fee8523\" data-id=\"fee8523\" data-element_type=\"column\" data-e-type=\"column\">\n\t\t\t<div class=\"elementor-widget-wrap elementor-element-populated\">\n\t\t\t\t\t\t<div class=\"elementor-element elementor-element-f47554c preserve-img-ratio-cover elementor-widget elementor-widget-the7_elements\" data-id=\"f47554c\" data-element_type=\"widget\" data-e-type=\"widget\" data-widget_type=\"the7_elements.default\">\n\t\t\t\t<div class=\"elementor-widget-container\">\n\t\t\t\t\t<div class=\"portfolio-shortcode the7-elementor-widget the7_elements-f47554c mode-grid dt-css-grid-wrap classic-layout-list description-under-image meta-info-off content-bg-on resize-by-browser-width loading-effect-none enable-pagination-scroll jquery-filter\" data-padding=\"5px\" data-mobile-columns-num=\"2\" data-tablet-columns-num=\"3\" data-desktop-columns-num=\"4\" data-wide-desktop-columns-num=\"3\" data-post-limit=\"12\" data-pagination-mode=\"pages\" data-scroll-offset=\"0\" aria-live=\"assertive\"><div class=\"dt-css-grid custom-pagination-handler\"><div class=\"visible wf-cell\" data-post-id=\"11704\" data-date=\"2022-07-20T17:07:02+00:00\" data-name=\"Cristina Buenvar\u00f3n\"><article class=\"post visible post-11704 dt_team type-dt_team status-publish has-post-thumbnail hentry dt_team_category-direccion dt_team_category-161 description-off\" data-name=\"Cristina Buenvar\u00f3n\" data-date=\"2022-07-20T17:07:02+00:00\">\n\n\t<div class=\"post-thumbnail-wrap\">\n\t\t<div class=\"post-thumbnail\">\n\n\t\t\t<div class=\"post-thumbnail-rollover layzr-bg img-css-resize-wrapper not-clickable-item\" aria-label=\"Post image\"><img fetchpriority=\"high\" decoding=\"async\" width=\"273\" height=\"294\" src=\"data:image\/svg+xml,%3Csvg%20xmlns%3D&#039;http%3A%2F%2Fwww.w3.org%2F2000%2Fsvg&#039;%20viewBox%3D&#039;0%200%20273%20294&#039;%2F%3E\" class=\"attachment-full size-full preload-me aspect lazy lazy-load\" alt=\"\" style=\"--ratio: 273 \/ 294;\" data-src=\"https:\/\/sopenabarcelona.org\/wp-content\/uploads\/2022\/07\/CRISTINA-BUENVARON.jpeg\" loading=\"eager\" \/><\/div>\n\t\t<\/div>\n\t<\/div>\n\n\n<div class=\"post-entry-content\">\n\n\t<h3 class=\"ele-entry-title\"><span >Cristina Buenvar\u00f3n<\/span><\/h3><div class=\"entry-excerpt\"><p>Directora general de la Fundaci\u00f3n | Titular de la Escuela<\/p>\n<\/div>\n<\/div><\/article><\/div><div class=\"visible wf-cell\" data-post-id=\"11703\" data-date=\"2022-07-20T17:07:18+00:00\" data-name=\"M\u00f3nica Merino\"><article class=\"post visible post-11703 dt_team type-dt_team status-publish has-post-thumbnail hentry dt_team_category-direccion dt_team_category-161 description-off\" data-name=\"M\u00f3nica Merino\" data-date=\"2022-07-20T17:07:18+00:00\">\n\n\t<div class=\"post-thumbnail-wrap\">\n\t\t<div class=\"post-thumbnail\">\n\n\t\t\t<div class=\"post-thumbnail-rollover layzr-bg img-css-resize-wrapper not-clickable-item\" aria-label=\"Post image\"><img decoding=\"async\" width=\"1600\" height=\"1199\" src=\"data:image\/svg+xml,%3Csvg%20xmlns%3D&#039;http%3A%2F%2Fwww.w3.org%2F2000%2Fsvg&#039;%20viewBox%3D&#039;0%200%201600%201199&#039;%2F%3E\" class=\"attachment-full size-full preload-me aspect lazy lazy-load\" alt=\"MONICA M.\" sizes=\"(max-width: 1600px) 100vw, 1600px\" style=\"--ratio: 1600 \/ 1199;\" data-src=\"https:\/\/sopenabarcelona.org\/wp-content\/uploads\/2022\/06\/MONICA-M.jpg\" loading=\"eager\" data-srcset=\"https:\/\/sopenabarcelona.org\/wp-content\/uploads\/2022\/06\/MONICA-M.jpg 1600w, https:\/\/sopenabarcelona.org\/wp-content\/uploads\/2022\/06\/MONICA-M-300x225.jpg 300w, https:\/\/sopenabarcelona.org\/wp-content\/uploads\/2022\/06\/MONICA-M-1024x767.jpg 1024w, https:\/\/sopenabarcelona.org\/wp-content\/uploads\/2022\/06\/MONICA-M-768x576.jpg 768w, https:\/\/sopenabarcelona.org\/wp-content\/uploads\/2022\/06\/MONICA-M-1536x1151.jpg 1536w\" \/><\/div>\n\t\t<\/div>\n\t<\/div>\n\n\n<div class=\"post-entry-content\">\n\n\t<h3 class=\"ele-entry-title\"><span >M\u00f3nica Merino<\/span><\/h3><div class=\"entry-excerpt\"><p>Directora I Representante titularidad | Coordinadora FCT I FP DUAL<\/p>\n<\/div>\n<\/div><\/article><\/div><div class=\"visible wf-cell\" data-post-id=\"11701\" data-date=\"2022-07-20T17:08:05+00:00\" data-name=\"Inma Ferro\"><article class=\"post visible post-11701 dt_team type-dt_team status-publish has-post-thumbnail hentry dt_team_category-direccion\" data-name=\"Inma Ferro\" data-date=\"2022-07-20T17:08:05+00:00\">\n\n\t<div class=\"post-thumbnail-wrap\">\n\t\t<div class=\"post-thumbnail\">\n\n\t\t\t<div class=\"post-thumbnail-rollover layzr-bg img-css-resize-wrapper not-clickable-item\" aria-label=\"Post image\"><img decoding=\"async\" width=\"1600\" height=\"1199\" src=\"data:image\/svg+xml,%3Csvg%20xmlns%3D&#039;http%3A%2F%2Fwww.w3.org%2F2000%2Fsvg&#039;%20viewBox%3D&#039;0%200%201600%201199&#039;%2F%3E\" class=\"attachment-full size-full preload-me aspect lazy lazy-load\" alt=\"\" sizes=\"(max-width: 1600px) 100vw, 1600px\" style=\"--ratio: 1600 \/ 1199;\" data-src=\"https:\/\/sopenabarcelona.org\/wp-content\/uploads\/2022\/04\/Inma-F.-Professora-.jpeg\" loading=\"eager\" data-srcset=\"https:\/\/sopenabarcelona.org\/wp-content\/uploads\/2022\/04\/Inma-F.-Professora-.jpeg 1600w, https:\/\/sopenabarcelona.org\/wp-content\/uploads\/2022\/04\/Inma-F.-Professora--300x225.jpeg 300w, https:\/\/sopenabarcelona.org\/wp-content\/uploads\/2022\/04\/Inma-F.-Professora--1024x767.jpeg 1024w, https:\/\/sopenabarcelona.org\/wp-content\/uploads\/2022\/04\/Inma-F.-Professora--768x576.jpeg 768w, https:\/\/sopenabarcelona.org\/wp-content\/uploads\/2022\/04\/Inma-F.-Professora--1536x1151.jpeg 1536w, https:\/\/sopenabarcelona.org\/wp-content\/uploads\/2022\/04\/Inma-F.-Professora--900x674.jpeg 900w, https:\/\/sopenabarcelona.org\/wp-content\/uploads\/2022\/04\/Inma-F.-Professora--1200x899.jpeg 1200w\" \/><\/div>\n\t\t<\/div>\n\t<\/div>\n\n\n<div class=\"post-entry-content\">\n\n\t<h3 class=\"ele-entry-title\"><span >Inma Ferro<\/span><\/h3><div class=\"entry-excerpt\"><p>Administradora | Pastoral<\/p>\n<\/div>\n<\/div><\/article><\/div><div class=\"visible wf-cell\" data-post-id=\"11700\" data-date=\"2022-07-20T17:15:07+00:00\" data-name=\"Judit T.\"><article class=\"post visible post-11700 dt_team type-dt_team status-publish has-post-thumbnail hentry dt_team_category-direccion\" data-name=\"Judit T.\" data-date=\"2022-07-20T17:15:07+00:00\">\n\n\t<div class=\"post-thumbnail-wrap\">\n\t\t<div class=\"post-thumbnail\">\n\n\t\t\t<div class=\"post-thumbnail-rollover layzr-bg img-css-resize-wrapper not-clickable-item\" aria-label=\"Post image\"><img decoding=\"async\" width=\"2237\" height=\"1678\" src=\"data:image\/svg+xml,%3Csvg%20xmlns%3D&#039;http%3A%2F%2Fwww.w3.org%2F2000%2Fsvg&#039;%20viewBox%3D&#039;0%200%202237%201678&#039;%2F%3E\" class=\"attachment-full size-full preload-me aspect lazy lazy-load\" alt=\"Judit T.\" sizes=\"(max-width: 2237px) 100vw, 2237px\" style=\"--ratio: 2237 \/ 1678;\" data-src=\"https:\/\/sopenabarcelona.org\/wp-content\/uploads\/2022\/06\/Judit-Tobar-Tutora-Documentacio.jpg\" loading=\"eager\" data-srcset=\"https:\/\/sopenabarcelona.org\/wp-content\/uploads\/2022\/06\/Judit-Tobar-Tutora-Documentacio.jpg 2237w, https:\/\/sopenabarcelona.org\/wp-content\/uploads\/2022\/06\/Judit-Tobar-Tutora-Documentacio-300x225.jpg 300w, https:\/\/sopenabarcelona.org\/wp-content\/uploads\/2022\/06\/Judit-Tobar-Tutora-Documentacio-1024x768.jpg 1024w, https:\/\/sopenabarcelona.org\/wp-content\/uploads\/2022\/06\/Judit-Tobar-Tutora-Documentacio-768x576.jpg 768w, https:\/\/sopenabarcelona.org\/wp-content\/uploads\/2022\/06\/Judit-Tobar-Tutora-Documentacio-1536x1152.jpg 1536w, https:\/\/sopenabarcelona.org\/wp-content\/uploads\/2022\/06\/Judit-Tobar-Tutora-Documentacio-2048x1536.jpg 2048w, https:\/\/sopenabarcelona.org\/wp-content\/uploads\/2022\/06\/Judit-Tobar-Tutora-Documentacio-900x675.jpg 900w, https:\/\/sopenabarcelona.org\/wp-content\/uploads\/2022\/06\/Judit-Tobar-Tutora-Documentacio-1200x900.jpg 1200w\" \/><\/div>\n\t\t<\/div>\n\t<\/div>\n\n\n<div class=\"post-entry-content\">\n\n\t<h3 class=\"ele-entry-title\"><span >Judit T.<\/span><\/h3><div class=\"entry-excerpt\"><p>Coordinadora calidad<\/p>\n<\/div>\n<\/div><\/article><\/div><div class=\"visible wf-cell\" data-post-id=\"11689\" data-date=\"2022-07-20T17:52:17+00:00\" data-name=\"Aina P.\"><article class=\"post visible post-11689 dt_team type-dt_team status-publish has-post-thumbnail hentry dt_team_category-curas-auxiliares dt_team_category-direccion dt_team_category-documentacion dt_team_category-emergencias-sanitarias dt_team_category-peluqueria\" data-name=\"Aina P.\" data-date=\"2022-07-20T17:52:17+00:00\">\n\n\t<div class=\"post-thumbnail-wrap\">\n\t\t<div class=\"post-thumbnail\">\n\n\t\t\t<div class=\"post-thumbnail-rollover layzr-bg img-css-resize-wrapper not-clickable-item\" aria-label=\"Post image\"><img decoding=\"async\" width=\"2560\" height=\"1920\" src=\"data:image\/svg+xml,%3Csvg%20xmlns%3D&#039;http%3A%2F%2Fwww.w3.org%2F2000%2Fsvg&#039;%20viewBox%3D&#039;0%200%202560%201920&#039;%2F%3E\" class=\"attachment-full size-full preload-me aspect lazy lazy-load\" alt=\"Aina P.\" sizes=\"(max-width: 2560px) 100vw, 2560px\" style=\"--ratio: 2560 \/ 1920;\" data-src=\"https:\/\/sopenabarcelona.org\/wp-content\/uploads\/2022\/05\/Aina-Pons.-Cap-destudis-cicles.-scaled.jpg\" loading=\"eager\" data-srcset=\"https:\/\/sopenabarcelona.org\/wp-content\/uploads\/2022\/05\/Aina-Pons.-Cap-destudis-cicles.-scaled.jpg 2560w, https:\/\/sopenabarcelona.org\/wp-content\/uploads\/2022\/05\/Aina-Pons.-Cap-destudis-cicles.-300x225.jpg 300w, https:\/\/sopenabarcelona.org\/wp-content\/uploads\/2022\/05\/Aina-Pons.-Cap-destudis-cicles.-1024x768.jpg 1024w, https:\/\/sopenabarcelona.org\/wp-content\/uploads\/2022\/05\/Aina-Pons.-Cap-destudis-cicles.-768x576.jpg 768w, https:\/\/sopenabarcelona.org\/wp-content\/uploads\/2022\/05\/Aina-Pons.-Cap-destudis-cicles.-1536x1152.jpg 1536w, https:\/\/sopenabarcelona.org\/wp-content\/uploads\/2022\/05\/Aina-Pons.-Cap-destudis-cicles.-2048x1536.jpg 2048w, https:\/\/sopenabarcelona.org\/wp-content\/uploads\/2022\/05\/Aina-Pons.-Cap-destudis-cicles.-900x675.jpg 900w, https:\/\/sopenabarcelona.org\/wp-content\/uploads\/2022\/05\/Aina-Pons.-Cap-destudis-cicles.-1200x900.jpg 1200w\" \/><\/div>\n\t\t<\/div>\n\t<\/div>\n\n\n<div class=\"post-entry-content\">\n\n\t<h3 class=\"ele-entry-title\"><span >Aina P.<\/span><\/h3><div class=\"entry-excerpt\"><p>Jefe de estudios<\/p>\n<\/div>\n<\/div><\/article><\/div><div class=\"visible wf-cell\" data-post-id=\"11671\" data-date=\"2022-07-20T19:44:10+00:00\" data-name=\"B\u00e1rbara G.\"><article class=\"post visible post-11671 dt_team type-dt_team status-publish has-post-thumbnail hentry dt_team_category-direccion\" data-name=\"B\u00e1rbara G.\" data-date=\"2022-07-20T19:44:10+00:00\">\n\n\t<div class=\"post-thumbnail-wrap\">\n\t\t<div class=\"post-thumbnail\">\n\n\t\t\t<div class=\"post-thumbnail-rollover layzr-bg img-css-resize-wrapper not-clickable-item\" aria-label=\"Post image\"><img decoding=\"async\" width=\"1536\" height=\"2048\" src=\"data:image\/svg+xml,%3Csvg%20xmlns%3D&#039;http%3A%2F%2Fwww.w3.org%2F2000%2Fsvg&#039;%20viewBox%3D&#039;0%200%201536%202048&#039;%2F%3E\" class=\"attachment-full size-full preload-me aspect lazy lazy-load\" alt=\"\" sizes=\"(max-width: 1536px) 100vw, 1536px\" style=\"--ratio: 1536 \/ 2048;\" data-src=\"https:\/\/sopenabarcelona.org\/wp-content\/uploads\/2022\/07\/Barbara-Cap-Estudis-ESO.jpeg\" loading=\"eager\" data-srcset=\"https:\/\/sopenabarcelona.org\/wp-content\/uploads\/2022\/07\/Barbara-Cap-Estudis-ESO.jpeg 1536w, https:\/\/sopenabarcelona.org\/wp-content\/uploads\/2022\/07\/Barbara-Cap-Estudis-ESO-225x300.jpeg 225w, https:\/\/sopenabarcelona.org\/wp-content\/uploads\/2022\/07\/Barbara-Cap-Estudis-ESO-768x1024.jpeg 768w, https:\/\/sopenabarcelona.org\/wp-content\/uploads\/2022\/07\/Barbara-Cap-Estudis-ESO-1152x1536.jpeg 1152w\" \/><\/div>\n\t\t<\/div>\n\t<\/div>\n\n\n<div class=\"post-entry-content\">\n\n\t<h3 class=\"ele-entry-title\"><span >B\u00e1rbara G.<\/span><\/h3><div class=\"entry-excerpt\"><p>Jefa de estudios ESO<\/p>\n<\/div>\n<\/div><\/article><\/div><\/div><!-- iso-container|iso-grid --><div class=\"paginator filter-decorations filter-pointer-underline filter-animation-fade\" role=\"navigation\"><\/div><\/div>\t\t\t\t<\/div>\n\t\t\t\t<\/div>\n\t\t\t\t\t<\/div>\n\t\t<\/div>\n\t\t\t\t<div class=\"elementor-column elementor-col-16 elementor-top-column elementor-element elementor-element-8304462\" data-id=\"8304462\" data-element_type=\"column\" data-e-type=\"column\">\n\t\t\t<div class=\"elementor-widget-wrap\">\n\t\t\t\t\t\t\t<\/div>\n\t\t<\/div>\n\t\t\t\t\t<\/div>\n\t\t<\/section>\n\t\t\t\t<\/div>\n\t\t","protected":false},"excerpt":{"rendered":"<p>Equipo directivo Cristina Buenvar\u00f3n Directora general de la Fundaci\u00f3 | Titular de l\u2019Escola M\u00f3nica Merino Directora I Representant titularitat | Coordinadora FCT I FP DUAL Inma Ferro Administradora | Pastoral Judit T. Coordinadora qualitat Aina P. Cap d&#8217;estudis cicles B\u00e1rbara Gonz\u00e1lez Cap d&#8217;estudis ESO<\/p>\n","protected":false},"author":1,"featured_media":0,"parent":11299,"menu_order":90,"comment_status":"closed","ping_status":"closed","template":"elementor_header_footer","meta":{"footnotes":""},"class_list":["post-11357","page","type-page","status-publish","hentry"],"yoast_head":"<!-- This site is optimized with the Yoast SEO plugin v27.4 - https:\/\/yoast.com\/product\/yoast-seo-wordpress\/ -->\n<title>Equipo directivo - Escola Sope\u00f1a Barcelona<\/title>\n<meta name=\"robots\" content=\"index, follow, max-snippet:-1, max-image-preview:large, max-video-preview:-1\" \/>\n<link rel=\"canonical\" href=\"https:\/\/sopenabarcelona.org\/es\/la-escuela\/equipo-directivo\/\" \/>\n<meta property=\"og:locale\" content=\"es_ES\" \/>\n<meta property=\"og:type\" content=\"article\" \/>\n<meta property=\"og:title\" content=\"Equipo directivo - Escola Sope\u00f1a Barcelona\" \/>\n<meta property=\"og:description\" content=\"Equipo directivo Cristina Buenvar\u00f3n Directora general de la Fundaci\u00f3 | Titular de l\u2019Escola M\u00f3nica Merino Directora I Representant titularitat | Coordinadora FCT I FP DUAL Inma Ferro Administradora | Pastoral Judit T. Coordinadora qualitat Aina P. Cap d&#8217;estudis cicles B\u00e1rbara Gonz\u00e1lez Cap d&#8217;estudis ESO\" \/>\n<meta property=\"og:url\" content=\"https:\/\/sopenabarcelona.org\/es\/la-escuela\/equipo-directivo\/\" \/>\n<meta property=\"og:site_name\" content=\"Escola Sope\u00f1a Barcelona\" \/>\n<meta property=\"article:modified_time\" content=\"2025-01-14T07:21:45+00:00\" \/>\n<meta name=\"twitter:card\" content=\"summary_large_image\" \/>\n<meta name=\"twitter:label1\" content=\"Tiempo de lectura\" \/>\n\t<meta name=\"twitter:data1\" content=\"2 minutos\" \/>\n<script type=\"application\/ld+json\" class=\"yoast-schema-graph\">{\"@context\":\"https:\\\/\\\/schema.org\",\"@graph\":[{\"@type\":\"WebPage\",\"@id\":\"https:\\\/\\\/sopenabarcelona.org\\\/es\\\/la-escuela\\\/equipo-directivo\\\/\",\"url\":\"https:\\\/\\\/sopenabarcelona.org\\\/es\\\/la-escuela\\\/equipo-directivo\\\/\",\"name\":\"Equipo directivo - Escola Sope\u00f1a Barcelona\",\"isPartOf\":{\"@id\":\"https:\\\/\\\/sopenabarcelona.org\\\/es\\\/#website\"},\"datePublished\":\"2022-07-20T17:02:26+00:00\",\"dateModified\":\"2025-01-14T07:21:45+00:00\",\"breadcrumb\":{\"@id\":\"https:\\\/\\\/sopenabarcelona.org\\\/es\\\/la-escuela\\\/equipo-directivo\\\/#breadcrumb\"},\"inLanguage\":\"es\",\"potentialAction\":[{\"@type\":\"ReadAction\",\"target\":[\"https:\\\/\\\/sopenabarcelona.org\\\/es\\\/la-escuela\\\/equipo-directivo\\\/\"]}]},{\"@type\":\"BreadcrumbList\",\"@id\":\"https:\\\/\\\/sopenabarcelona.org\\\/es\\\/la-escuela\\\/equipo-directivo\\\/#breadcrumb\",\"itemListElement\":[{\"@type\":\"ListItem\",\"position\":1,\"name\":\"Inici\",\"item\":\"https:\\\/\\\/sopenabarcelona.org\\\/es\\\/\"},{\"@type\":\"ListItem\",\"position\":2,\"name\":\"La escuela\",\"item\":\"https:\\\/\\\/sopenabarcelona.org\\\/es\\\/la-nostra-escola\\\/\"},{\"@type\":\"ListItem\",\"position\":3,\"name\":\"Equipo directivo\"}]},{\"@type\":\"WebSite\",\"@id\":\"https:\\\/\\\/sopenabarcelona.org\\\/es\\\/#website\",\"url\":\"https:\\\/\\\/sopenabarcelona.org\\\/es\\\/\",\"name\":\"Escola Sope\u00f1a Barcelona\",\"description\":\"Escola d&#039;ESO i Formaci\u00f3 Professional\",\"publisher\":{\"@id\":\"https:\\\/\\\/sopenabarcelona.org\\\/es\\\/#organization\"},\"potentialAction\":[{\"@type\":\"SearchAction\",\"target\":{\"@type\":\"EntryPoint\",\"urlTemplate\":\"https:\\\/\\\/sopenabarcelona.org\\\/es\\\/?s={search_term_string}\"},\"query-input\":{\"@type\":\"PropertyValueSpecification\",\"valueRequired\":true,\"valueName\":\"search_term_string\"}}],\"inLanguage\":\"es\"},{\"@type\":\"Organization\",\"@id\":\"https:\\\/\\\/sopenabarcelona.org\\\/es\\\/#organization\",\"name\":\"Escola Sope\u00f1a Barcelona\",\"url\":\"https:\\\/\\\/sopenabarcelona.org\\\/es\\\/\",\"logo\":{\"@type\":\"ImageObject\",\"inLanguage\":\"es\",\"@id\":\"https:\\\/\\\/sopenabarcelona.org\\\/es\\\/#\\\/schema\\\/logo\\\/image\\\/\",\"url\":\"https:\\\/\\\/sopenabarcelona.org\\\/wp-content\\\/uploads\\\/2022\\\/03\\\/Fundacio-Dolores-Sopena-1-1.png\",\"contentUrl\":\"https:\\\/\\\/sopenabarcelona.org\\\/wp-content\\\/uploads\\\/2022\\\/03\\\/Fundacio-Dolores-Sopena-1-1.png\",\"width\":250,\"height\":93,\"caption\":\"Escola Sope\u00f1a Barcelona\"},\"image\":{\"@id\":\"https:\\\/\\\/sopenabarcelona.org\\\/es\\\/#\\\/schema\\\/logo\\\/image\\\/\"}}]}<\/script>\n<!-- \/ Yoast SEO plugin. -->","yoast_head_json":{"title":"Equipo directivo - Escola Sope\u00f1a Barcelona","robots":{"index":"index","follow":"follow","max-snippet":"max-snippet:-1","max-image-preview":"max-image-preview:large","max-video-preview":"max-video-preview:-1"},"canonical":"https:\/\/sopenabarcelona.org\/es\/la-escuela\/equipo-directivo\/","og_locale":"es_ES","og_type":"article","og_title":"Equipo directivo - Escola Sope\u00f1a Barcelona","og_description":"Equipo directivo Cristina Buenvar\u00f3n Directora general de la Fundaci\u00f3 | Titular de l\u2019Escola M\u00f3nica Merino Directora I Representant titularitat | Coordinadora FCT I FP DUAL Inma Ferro Administradora | Pastoral Judit T. Coordinadora qualitat Aina P. Cap d&#8217;estudis cicles B\u00e1rbara Gonz\u00e1lez Cap d&#8217;estudis ESO","og_url":"https:\/\/sopenabarcelona.org\/es\/la-escuela\/equipo-directivo\/","og_site_name":"Escola Sope\u00f1a Barcelona","article_modified_time":"2025-01-14T07:21:45+00:00","twitter_card":"summary_large_image","twitter_misc":{"Tiempo de lectura":"2 minutos"},"schema":{"@context":"https:\/\/schema.org","@graph":[{"@type":"WebPage","@id":"https:\/\/sopenabarcelona.org\/es\/la-escuela\/equipo-directivo\/","url":"https:\/\/sopenabarcelona.org\/es\/la-escuela\/equipo-directivo\/","name":"Equipo directivo - Escola Sope\u00f1a Barcelona","isPartOf":{"@id":"https:\/\/sopenabarcelona.org\/es\/#website"},"datePublished":"2022-07-20T17:02:26+00:00","dateModified":"2025-01-14T07:21:45+00:00","breadcrumb":{"@id":"https:\/\/sopenabarcelona.org\/es\/la-escuela\/equipo-directivo\/#breadcrumb"},"inLanguage":"es","potentialAction":[{"@type":"ReadAction","target":["https:\/\/sopenabarcelona.org\/es\/la-escuela\/equipo-directivo\/"]}]},{"@type":"BreadcrumbList","@id":"https:\/\/sopenabarcelona.org\/es\/la-escuela\/equipo-directivo\/#breadcrumb","itemListElement":[{"@type":"ListItem","position":1,"name":"Inici","item":"https:\/\/sopenabarcelona.org\/es\/"},{"@type":"ListItem","position":2,"name":"La escuela","item":"https:\/\/sopenabarcelona.org\/es\/la-nostra-escola\/"},{"@type":"ListItem","position":3,"name":"Equipo directivo"}]},{"@type":"WebSite","@id":"https:\/\/sopenabarcelona.org\/es\/#website","url":"https:\/\/sopenabarcelona.org\/es\/","name":"Escola Sope\u00f1a Barcelona","description":"Escola d&#039;ESO i Formaci\u00f3 Professional","publisher":{"@id":"https:\/\/sopenabarcelona.org\/es\/#organization"},"potentialAction":[{"@type":"SearchAction","target":{"@type":"EntryPoint","urlTemplate":"https:\/\/sopenabarcelona.org\/es\/?s={search_term_string}"},"query-input":{"@type":"PropertyValueSpecification","valueRequired":true,"valueName":"search_term_string"}}],"inLanguage":"es"},{"@type":"Organization","@id":"https:\/\/sopenabarcelona.org\/es\/#organization","name":"Escola Sope\u00f1a Barcelona","url":"https:\/\/sopenabarcelona.org\/es\/","logo":{"@type":"ImageObject","inLanguage":"es","@id":"https:\/\/sopenabarcelona.org\/es\/#\/schema\/logo\/image\/","url":"https:\/\/sopenabarcelona.org\/wp-content\/uploads\/2022\/03\/Fundacio-Dolores-Sopena-1-1.png","contentUrl":"https:\/\/sopenabarcelona.org\/wp-content\/uploads\/2022\/03\/Fundacio-Dolores-Sopena-1-1.png","width":250,"height":93,"caption":"Escola Sope\u00f1a Barcelona"},"image":{"@id":"https:\/\/sopenabarcelona.org\/es\/#\/schema\/logo\/image\/"}}]}},"_links":{"self":[{"href":"https:\/\/sopenabarcelona.org\/es\/wp-json\/wp\/v2\/pages\/11357","targetHints":{"allow":["GET"]}}],"collection":[{"href":"https:\/\/sopenabarcelona.org\/es\/wp-json\/wp\/v2\/pages"}],"about":[{"href":"https:\/\/sopenabarcelona.org\/es\/wp-json\/wp\/v2\/types\/page"}],"author":[{"embeddable":true,"href":"https:\/\/sopenabarcelona.org\/es\/wp-json\/wp\/v2\/users\/1"}],"replies":[{"embeddable":true,"href":"https:\/\/sopenabarcelona.org\/es\/wp-json\/wp\/v2\/comments?post=11357"}],"version-history":[{"count":4,"href":"https:\/\/sopenabarcelona.org\/es\/wp-json\/wp\/v2\/pages\/11357\/revisions"}],"predecessor-version":[{"id":21744,"href":"https:\/\/sopenabarcelona.org\/es\/wp-json\/wp\/v2\/pages\/11357\/revisions\/21744"}],"up":[{"embeddable":true,"href":"https:\/\/sopenabarcelona.org\/es\/wp-json\/wp\/v2\/pages\/11299"}],"wp:attachment":[{"href":"https:\/\/sopenabarcelona.org\/es\/wp-json\/wp\/v2\/media?parent=11357"}],"curies":[{"name":"wp","href":"https:\/\/api.w.org\/{rel}","templated":true}]}}