{"id":20928,"date":"2024-07-11T09:27:32","date_gmt":"2024-07-11T09:27:32","guid":{"rendered":"https:\/\/sopenabarcelona.org\/la-escuela\/edc-diagnosis-herramientas\/"},"modified":"2024-07-23T09:18:17","modified_gmt":"2024-07-23T09:18:17","slug":"edc-diagnosis-herramientas","status":"publish","type":"page","link":"https:\/\/sopenabarcelona.org\/es\/la-escuela\/edc-diagnosis-herramientas\/","title":{"rendered":"edc-diagnosis-herramientas"},"content":{"rendered":"\t\t<div data-elementor-type=\"wp-page\" data-elementor-id=\"20928\" class=\"elementor elementor-20928 elementor-20301\" data-elementor-post-type=\"page\">\n\t\t\t\t\t\t<section class=\"elementor-section elementor-top-section elementor-element elementor-element-60ccef7b elementor-section-boxed elementor-section-height-default elementor-section-height-default\" data-id=\"60ccef7b\" data-element_type=\"section\" data-e-type=\"section\" data-settings=\"{&quot;background_background&quot;:&quot;classic&quot;,&quot;shape_divider_bottom&quot;:&quot;mountains&quot;}\">\n\t\t\t\t\t<div class=\"elementor-shape elementor-shape-bottom\" aria-hidden=\"true\" data-negative=\"false\">\n\t\t\t<svg xmlns=\"http:\/\/www.w3.org\/2000\/svg\" viewBox=\"0 0 1000 100\" preserveAspectRatio=\"none\">\n\t<path class=\"elementor-shape-fill\" opacity=\"0.33\" d=\"M473,67.3c-203.9,88.3-263.1-34-320.3,0C66,119.1,0,59.7,0,59.7V0h1000v59.7 c0,0-62.1,26.1-94.9,29.3c-32.8,3.3-62.8-12.3-75.8-22.1C806,49.6,745.3,8.7,694.9,4.7S492.4,59,473,67.3z\"\/>\n\t<path class=\"elementor-shape-fill\" opacity=\"0.66\" d=\"M734,67.3c-45.5,0-77.2-23.2-129.1-39.1c-28.6-8.7-150.3-10.1-254,39.1 s-91.7-34.4-149.2,0C115.7,118.3,0,39.8,0,39.8V0h1000v36.5c0,0-28.2-18.5-92.1-18.5C810.2,18.1,775.7,67.3,734,67.3z\"\/>\n\t<path class=\"elementor-shape-fill\" d=\"M766.1,28.9c-200-57.5-266,65.5-395.1,19.5C242,1.8,242,5.4,184.8,20.6C128,35.8,132.3,44.9,89.9,52.5C28.6,63.7,0,0,0,0 h1000c0,0-9.9,40.9-83.6,48.1S829.6,47,766.1,28.9z\"\/>\n<\/svg>\t\t<\/div>\n\t\t\t\t\t<div class=\"elementor-container elementor-column-gap-wider\">\n\t\t\t\t\t<div class=\"elementor-column elementor-col-100 elementor-top-column elementor-element elementor-element-c8c9b45\" data-id=\"c8c9b45\" data-element_type=\"column\" data-e-type=\"column\">\n\t\t\t<div class=\"elementor-widget-wrap elementor-element-populated\">\n\t\t\t\t\t\t<div class=\"elementor-element elementor-element-1b38ef10 elementor-widget elementor-widget-heading\" data-id=\"1b38ef10\" data-element_type=\"widget\" data-e-type=\"widget\" data-widget_type=\"heading.default\">\n\t\t\t\t<div class=\"elementor-widget-container\">\n\t\t\t\t\t<h2 class=\"elementor-heading-title elementor-size-default\">Herramientas de diagnosis<\/h2>\t\t\t\t<\/div>\n\t\t\t\t<\/div>\n\t\t\t\t\t<\/div>\n\t\t<\/div>\n\t\t\t\t\t<\/div>\n\t\t<\/section>\n\t\t\t\t<section class=\"elementor-section elementor-top-section elementor-element elementor-element-1e0a07d elementor-section-boxed elementor-section-height-default elementor-section-height-default\" data-id=\"1e0a07d\" data-element_type=\"section\" data-e-type=\"section\">\n\t\t\t\t\t\t<div class=\"elementor-container elementor-column-gap-default\">\n\t\t\t\t\t<div class=\"elementor-column elementor-col-100 elementor-top-column elementor-element elementor-element-1eb73dd\" data-id=\"1eb73dd\" data-element_type=\"column\" data-e-type=\"column\">\n\t\t\t<div class=\"elementor-widget-wrap elementor-element-populated\">\n\t\t\t\t\t\t<div class=\"elementor-element elementor-element-7e59fe9 elementor-widget elementor-widget-text-editor\" data-id=\"7e59fe9\" data-element_type=\"widget\" data-e-type=\"widget\" data-widget_type=\"text-editor.default\">\n\t\t\t\t<div class=\"elementor-widget-container\">\n\t\t\t\t\t\t\t\t\t<p>La aplicaci\u00f3n SELFIE est\u00e1 desarrollada por la Uni\u00f3n Europea y ayuda a los centros a realizar un diagn\u00f3stico sobre el uso pedag\u00f3gico de la tecnolog\u00eda en un centro.<\/p>\n\t\t\t\t\t\t\t\t<\/div>\n\t\t\t\t<\/div>\n\t\t\t\t\t<\/div>\n\t\t<\/div>\n\t\t\t\t\t<\/div>\n\t\t<\/section>\n\t\t\t\t<section class=\"elementor-section elementor-top-section elementor-element elementor-element-c0ef60d elementor-section-boxed elementor-section-height-default elementor-section-height-default\" data-id=\"c0ef60d\" data-element_type=\"section\" data-e-type=\"section\" data-settings=\"{&quot;background_background&quot;:&quot;classic&quot;}\">\n\t\t\t\t\t\t<div class=\"elementor-container elementor-column-gap-wider\">\n\t\t\t\t\t<div class=\"elementor-column elementor-col-100 elementor-top-column elementor-element elementor-element-8342221\" data-id=\"8342221\" data-element_type=\"column\" data-e-type=\"column\">\n\t\t\t<div class=\"elementor-widget-wrap elementor-element-populated\">\n\t\t\t\t\t\t<div class=\"elementor-element elementor-element-1589413 elementor-widget elementor-widget-image\" data-id=\"1589413\" data-element_type=\"widget\" data-e-type=\"widget\" data-widget_type=\"image.default\">\n\t\t\t\t<div class=\"elementor-widget-container\">\n\t\t\t\t\t\t\t\t\t\t\t\t\t\t\t<img fetchpriority=\"high\" decoding=\"async\" width=\"1024\" height=\"576\" src=\"https:\/\/sopenabarcelona.org\/wp-content\/uploads\/2024\/02\/EDC-diagnosis.jpg\" class=\"attachment-large size-large wp-image-18904\" alt=\"\" srcset=\"https:\/\/sopenabarcelona.org\/wp-content\/uploads\/2024\/02\/EDC-diagnosis.jpg 1024w, https:\/\/sopenabarcelona.org\/wp-content\/uploads\/2024\/02\/EDC-diagnosis-300x169.jpg 300w, https:\/\/sopenabarcelona.org\/wp-content\/uploads\/2024\/02\/EDC-diagnosis-768x432.jpg 768w, https:\/\/sopenabarcelona.org\/wp-content\/uploads\/2024\/02\/EDC-diagnosis-900x506.jpg 900w\" sizes=\"(max-width: 1024px) 100vw, 1024px\" \/>\t\t\t\t\t\t\t\t\t\t\t\t\t\t\t<\/div>\n\t\t\t\t<\/div>\n\t\t\t\t\t<\/div>\n\t\t<\/div>\n\t\t\t\t\t<\/div>\n\t\t<\/section>\n\t\t\t\t<section class=\"elementor-section elementor-top-section elementor-element elementor-element-6e0ff4f elementor-section-boxed elementor-section-height-default elementor-section-height-default\" data-id=\"6e0ff4f\" data-element_type=\"section\" data-e-type=\"section\">\n\t\t\t\t\t\t<div class=\"elementor-container elementor-column-gap-default\">\n\t\t\t\t\t<div class=\"elementor-column elementor-col-50 elementor-top-column elementor-element elementor-element-d9dda8d\" data-id=\"d9dda8d\" data-element_type=\"column\" data-e-type=\"column\">\n\t\t\t<div class=\"elementor-widget-wrap elementor-element-populated\">\n\t\t\t\t\t\t<div class=\"elementor-element elementor-element-d8d11c7 elementor-widget elementor-widget-heading\" data-id=\"d8d11c7\" data-element_type=\"widget\" data-e-type=\"widget\" data-widget_type=\"heading.default\">\n\t\t\t\t<div class=\"elementor-widget-container\">\n\t\t\t\t\t<h3 class=\"elementor-heading-title elementor-size-default\">Herramienta SELFIE<\/h3>\t\t\t\t<\/div>\n\t\t\t\t<\/div>\n\t\t\t\t\t<\/div>\n\t\t<\/div>\n\t\t\t\t<div class=\"elementor-column elementor-col-50 elementor-top-column elementor-element elementor-element-5311b1f\" data-id=\"5311b1f\" data-element_type=\"column\" data-e-type=\"column\">\n\t\t\t<div class=\"elementor-widget-wrap elementor-element-populated\">\n\t\t\t\t\t\t<div class=\"elementor-element elementor-element-38f8395 elementor-widget elementor-widget-heading\" data-id=\"38f8395\" data-element_type=\"widget\" data-e-type=\"widget\" data-widget_type=\"heading.default\">\n\t\t\t\t<div class=\"elementor-widget-container\">\n\t\t\t\t\t<h3 class=\"elementor-heading-title elementor-size-default\">Formulario para las familias<\/h3>\t\t\t\t<\/div>\n\t\t\t\t<\/div>\n\t\t\t\t\t<\/div>\n\t\t<\/div>\n\t\t\t\t\t<\/div>\n\t\t<\/section>\n\t\t\t\t<section class=\"elementor-section elementor-top-section elementor-element elementor-element-cf89ef9 elementor-section-boxed elementor-section-height-default elementor-section-height-default\" data-id=\"cf89ef9\" data-element_type=\"section\" data-e-type=\"section\">\n\t\t\t\t\t\t<div class=\"elementor-container elementor-column-gap-default\">\n\t\t\t\t\t<div class=\"elementor-column elementor-col-100 elementor-top-column elementor-element elementor-element-bd0ad4e\" data-id=\"bd0ad4e\" data-element_type=\"column\" data-e-type=\"column\">\n\t\t\t<div class=\"elementor-widget-wrap elementor-element-populated\">\n\t\t\t\t\t\t<section class=\"elementor-section elementor-inner-section elementor-element elementor-element-baa60b1 elementor-section-boxed elementor-section-height-default elementor-section-height-default\" data-id=\"baa60b1\" data-element_type=\"section\" data-e-type=\"section\">\n\t\t\t\t\t\t<div class=\"elementor-container elementor-column-gap-default\">\n\t\t\t\t\t<div class=\"elementor-column elementor-col-50 elementor-inner-column elementor-element elementor-element-f809c35\" data-id=\"f809c35\" data-element_type=\"column\" data-e-type=\"column\">\n\t\t\t<div class=\"elementor-widget-wrap elementor-element-populated\">\n\t\t\t\t\t\t<div class=\"elementor-element elementor-element-1c47143 elementor-widget elementor-widget-text-editor\" data-id=\"1c47143\" data-element_type=\"widget\" data-e-type=\"widget\" data-widget_type=\"text-editor.default\">\n\t\t\t\t<div class=\"elementor-widget-container\">\n\t\t\t\t\t\t\t\t\t<p>En <a href=\"https:\/\/ec.europa.eu\/education\/schools-go-digital_es\" target=\"_blank\" rel=\"noopener noreferrer\">este enlace<\/a> encontrar\u00e1 el recurso <a href=\"https:\/\/ec.europa.eu\/education\/schools-go-digital_es\" target=\"_blank\" rel=\"noopener noreferrer\"><strong>Selfie<\/strong><\/a> y la informaci\u00f3n sobre su funcionamiento. En este otro, encontrar\u00e1 la <a href=\"https:\/\/drive.google.com\/file\/d\/1VYUSWWpG68LKkPddRyfYciJ6Woll2Vet\/view?usp=sharing\" target=\"_blank\" rel=\"noopener noreferrer\">gu\u00eda de configuraci\u00f3n<\/a> de este recurso.<\/p>\n<p dir=\"ltr\"><\/p>\t\t\t\t\t\t\t\t<\/div>\n\t\t\t\t<\/div>\n\t\t\t\t\t<\/div>\n\t\t<\/div>\n\t\t\t\t<div class=\"elementor-column elementor-col-50 elementor-inner-column elementor-element elementor-element-84fd459\" data-id=\"84fd459\" data-element_type=\"column\" data-e-type=\"column\">\n\t\t\t<div class=\"elementor-widget-wrap elementor-element-populated\">\n\t\t\t\t\t\t<div class=\"elementor-element elementor-element-649bd55 elementor-widget elementor-widget-text-editor\" data-id=\"649bd55\" data-element_type=\"widget\" data-e-type=\"widget\" data-widget_type=\"text-editor.default\">\n\t\t\t\t<div class=\"elementor-widget-container\">\n\t\t\t\t\t\t\t\t\t<p>Se pasa una encuesta para las familias, para recoger su visi\u00f3n sobre la madurez digital del centro.<\/p>\n\t\t\t\t\t\t\t\t<\/div>\n\t\t\t\t<\/div>\n\t\t\t\t\t<\/div>\n\t\t<\/div>\n\t\t\t\t\t<\/div>\n\t\t<\/section>\n\t\t\t\t\t<\/div>\n\t\t<\/div>\n\t\t\t\t\t<\/div>\n\t\t<\/section>\n\t\t\t\t<section class=\"elementor-section elementor-top-section elementor-element elementor-element-9e59122 elementor-section-boxed elementor-section-height-default elementor-section-height-default\" data-id=\"9e59122\" data-element_type=\"section\" data-e-type=\"section\">\n\t\t\t\t\t\t<div class=\"elementor-container elementor-column-gap-default\">\n\t\t\t\t\t<div class=\"elementor-column elementor-col-50 elementor-top-column elementor-element elementor-element-0b0d53c\" data-id=\"0b0d53c\" data-element_type=\"column\" data-e-type=\"column\">\n\t\t\t<div class=\"elementor-widget-wrap elementor-element-populated\">\n\t\t\t\t\t\t<div class=\"elementor-element elementor-element-6af5ef5 elementor-widget elementor-widget-image\" data-id=\"6af5ef5\" data-element_type=\"widget\" data-e-type=\"widget\" data-widget_type=\"image.default\">\n\t\t\t\t<div class=\"elementor-widget-container\">\n\t\t\t\t\t\t\t\t\t\t\t\t\t\t\t<img decoding=\"async\" width=\"1024\" height=\"574\" src=\"https:\/\/sopenabarcelona.org\/wp-content\/uploads\/2024\/07\/Selfie-1024x574.png\" class=\"attachment-large size-large wp-image-20306\" alt=\"\" srcset=\"https:\/\/sopenabarcelona.org\/wp-content\/uploads\/2024\/07\/Selfie-1024x574.png 1024w, https:\/\/sopenabarcelona.org\/wp-content\/uploads\/2024\/07\/Selfie-300x168.png 300w, https:\/\/sopenabarcelona.org\/wp-content\/uploads\/2024\/07\/Selfie-768x430.png 768w, https:\/\/sopenabarcelona.org\/wp-content\/uploads\/2024\/07\/Selfie-900x504.png 900w, https:\/\/sopenabarcelona.org\/wp-content\/uploads\/2024\/07\/Selfie-1200x672.png 1200w, https:\/\/sopenabarcelona.org\/wp-content\/uploads\/2024\/07\/Selfie.png 1469w\" sizes=\"(max-width: 1024px) 100vw, 1024px\" \/>\t\t\t\t\t\t\t\t\t\t\t\t\t\t\t<\/div>\n\t\t\t\t<\/div>\n\t\t\t\t\t<\/div>\n\t\t<\/div>\n\t\t\t\t<div class=\"elementor-column elementor-col-50 elementor-top-column elementor-element elementor-element-53bdc6f\" data-id=\"53bdc6f\" data-element_type=\"column\" data-e-type=\"column\">\n\t\t\t<div class=\"elementor-widget-wrap elementor-element-populated\">\n\t\t\t\t\t\t<div class=\"elementor-element elementor-element-219ebd8 elementor-widget elementor-widget-image\" data-id=\"219ebd8\" data-element_type=\"widget\" data-e-type=\"widget\" data-widget_type=\"image.default\">\n\t\t\t\t<div class=\"elementor-widget-container\">\n\t\t\t\t\t\t\t\t\t\t\t\t\t\t\t<img decoding=\"async\" width=\"592\" height=\"352\" src=\"https:\/\/sopenabarcelona.org\/wp-content\/uploads\/2024\/07\/selfi-families.jpg\" class=\"attachment-large size-large wp-image-20304\" alt=\"\" srcset=\"https:\/\/sopenabarcelona.org\/wp-content\/uploads\/2024\/07\/selfi-families.jpg 592w, https:\/\/sopenabarcelona.org\/wp-content\/uploads\/2024\/07\/selfi-families-300x178.jpg 300w\" sizes=\"(max-width: 592px) 100vw, 592px\" \/>\t\t\t\t\t\t\t\t\t\t\t\t\t\t\t<\/div>\n\t\t\t\t<\/div>\n\t\t\t\t\t<\/div>\n\t\t<\/div>\n\t\t\t\t\t<\/div>\n\t\t<\/section>\n\t\t\t\t<\/div>\n\t\t","protected":false},"excerpt":{"rendered":"<p>Herramientas de diagnosis La aplicaci\u00f3n SELFIE est\u00e1 desarrollada por la Uni\u00f3n Europea y ayuda a los centros a realizar un diagn\u00f3stico sobre el uso pedag\u00f3gico de la tecnolog\u00eda en un centro. Herramienta SELFIE Formulario para las familias En este enlace encontrar\u00e1 el recurso Selfie y la informaci\u00f3n sobre su funcionamiento. En este otro, encontrar\u00e1 la&hellip;<\/p>\n","protected":false},"author":3,"featured_media":10418,"parent":11299,"menu_order":20,"comment_status":"closed","ping_status":"closed","template":"","meta":{"footnotes":""},"class_list":["post-20928","page","type-page","status-publish","has-post-thumbnail","hentry"],"yoast_head":"<!-- This site is optimized with the Yoast SEO plugin v27.3 - https:\/\/yoast.com\/product\/yoast-seo-wordpress\/ -->\n<title>edc-diagnosis-herramientas - Escola Sope\u00f1a Barcelona<\/title>\n<meta name=\"robots\" content=\"index, follow, max-snippet:-1, max-image-preview:large, max-video-preview:-1\" \/>\n<link rel=\"canonical\" href=\"https:\/\/sopenabarcelona.org\/es\/la-escuela\/edc-diagnosis-herramientas\/\" \/>\n<meta property=\"og:locale\" content=\"es_ES\" \/>\n<meta property=\"og:type\" content=\"article\" \/>\n<meta property=\"og:title\" content=\"edc-diagnosis-herramientas - Escola Sope\u00f1a Barcelona\" \/>\n<meta property=\"og:description\" content=\"Herramientas de diagnosis La aplicaci\u00f3n SELFIE est\u00e1 desarrollada por la Uni\u00f3n Europea y ayuda a los centros a realizar un diagn\u00f3stico sobre el uso pedag\u00f3gico de la tecnolog\u00eda en un centro. Herramienta SELFIE Formulario para las familias En este enlace encontrar\u00e1 el recurso Selfie y la informaci\u00f3n sobre su funcionamiento. En este otro, encontrar\u00e1 la&hellip;\" \/>\n<meta property=\"og:url\" content=\"https:\/\/sopenabarcelona.org\/es\/la-escuela\/edc-diagnosis-herramientas\/\" \/>\n<meta property=\"og:site_name\" content=\"Escola Sope\u00f1a Barcelona\" \/>\n<meta property=\"article:modified_time\" content=\"2024-07-23T09:18:17+00:00\" \/>\n<meta property=\"og:image\" content=\"https:\/\/sopenabarcelona.org\/wp-content\/uploads\/2021\/11\/Dolores-Sopena.png\" \/>\n\t<meta property=\"og:image:width\" content=\"300\" \/>\n\t<meta property=\"og:image:height\" content=\"301\" \/>\n\t<meta property=\"og:image:type\" content=\"image\/png\" \/>\n<meta name=\"twitter:card\" content=\"summary_large_image\" \/>\n<script type=\"application\/ld+json\" class=\"yoast-schema-graph\">{\"@context\":\"https:\\\/\\\/schema.org\",\"@graph\":[{\"@type\":\"WebPage\",\"@id\":\"https:\\\/\\\/sopenabarcelona.org\\\/es\\\/la-escuela\\\/edc-diagnosis-herramientas\\\/\",\"url\":\"https:\\\/\\\/sopenabarcelona.org\\\/es\\\/la-escuela\\\/edc-diagnosis-herramientas\\\/\",\"name\":\"edc-diagnosis-herramientas - Escola Sope\u00f1a Barcelona\",\"isPartOf\":{\"@id\":\"https:\\\/\\\/sopenabarcelona.org\\\/es\\\/#website\"},\"primaryImageOfPage\":{\"@id\":\"https:\\\/\\\/sopenabarcelona.org\\\/es\\\/la-escuela\\\/edc-diagnosis-herramientas\\\/#primaryimage\"},\"image\":{\"@id\":\"https:\\\/\\\/sopenabarcelona.org\\\/es\\\/la-escuela\\\/edc-diagnosis-herramientas\\\/#primaryimage\"},\"thumbnailUrl\":\"https:\\\/\\\/sopenabarcelona.org\\\/wp-content\\\/uploads\\\/2021\\\/11\\\/Dolores-Sopena.png\",\"datePublished\":\"2024-07-11T09:27:32+00:00\",\"dateModified\":\"2024-07-23T09:18:17+00:00\",\"breadcrumb\":{\"@id\":\"https:\\\/\\\/sopenabarcelona.org\\\/es\\\/la-escuela\\\/edc-diagnosis-herramientas\\\/#breadcrumb\"},\"inLanguage\":\"es\",\"potentialAction\":[{\"@type\":\"ReadAction\",\"target\":[\"https:\\\/\\\/sopenabarcelona.org\\\/es\\\/la-escuela\\\/edc-diagnosis-herramientas\\\/\"]}]},{\"@type\":\"ImageObject\",\"inLanguage\":\"es\",\"@id\":\"https:\\\/\\\/sopenabarcelona.org\\\/es\\\/la-escuela\\\/edc-diagnosis-herramientas\\\/#primaryimage\",\"url\":\"https:\\\/\\\/sopenabarcelona.org\\\/wp-content\\\/uploads\\\/2021\\\/11\\\/Dolores-Sopena.png\",\"contentUrl\":\"https:\\\/\\\/sopenabarcelona.org\\\/wp-content\\\/uploads\\\/2021\\\/11\\\/Dolores-Sopena.png\",\"width\":300,\"height\":301},{\"@type\":\"BreadcrumbList\",\"@id\":\"https:\\\/\\\/sopenabarcelona.org\\\/es\\\/la-escuela\\\/edc-diagnosis-herramientas\\\/#breadcrumb\",\"itemListElement\":[{\"@type\":\"ListItem\",\"position\":1,\"name\":\"Inici\",\"item\":\"https:\\\/\\\/sopenabarcelona.org\\\/es\\\/\"},{\"@type\":\"ListItem\",\"position\":2,\"name\":\"La escuela\",\"item\":\"https:\\\/\\\/sopenabarcelona.org\\\/es\\\/la-nostra-escola\\\/\"},{\"@type\":\"ListItem\",\"position\":3,\"name\":\"edc-diagnosis-herramientas\"}]},{\"@type\":\"WebSite\",\"@id\":\"https:\\\/\\\/sopenabarcelona.org\\\/es\\\/#website\",\"url\":\"https:\\\/\\\/sopenabarcelona.org\\\/es\\\/\",\"name\":\"Escola Sope\u00f1a Barcelona\",\"description\":\"Escola d&#039;ESO i Formaci\u00f3 Professional\",\"publisher\":{\"@id\":\"https:\\\/\\\/sopenabarcelona.org\\\/es\\\/#organization\"},\"potentialAction\":[{\"@type\":\"SearchAction\",\"target\":{\"@type\":\"EntryPoint\",\"urlTemplate\":\"https:\\\/\\\/sopenabarcelona.org\\\/es\\\/?s={search_term_string}\"},\"query-input\":{\"@type\":\"PropertyValueSpecification\",\"valueRequired\":true,\"valueName\":\"search_term_string\"}}],\"inLanguage\":\"es\"},{\"@type\":\"Organization\",\"@id\":\"https:\\\/\\\/sopenabarcelona.org\\\/es\\\/#organization\",\"name\":\"Escola Sope\u00f1a Barcelona\",\"url\":\"https:\\\/\\\/sopenabarcelona.org\\\/es\\\/\",\"logo\":{\"@type\":\"ImageObject\",\"inLanguage\":\"es\",\"@id\":\"https:\\\/\\\/sopenabarcelona.org\\\/es\\\/#\\\/schema\\\/logo\\\/image\\\/\",\"url\":\"https:\\\/\\\/sopenabarcelona.org\\\/wp-content\\\/uploads\\\/2022\\\/03\\\/Fundacio-Dolores-Sopena-1-1.png\",\"contentUrl\":\"https:\\\/\\\/sopenabarcelona.org\\\/wp-content\\\/uploads\\\/2022\\\/03\\\/Fundacio-Dolores-Sopena-1-1.png\",\"width\":250,\"height\":93,\"caption\":\"Escola Sope\u00f1a Barcelona\"},\"image\":{\"@id\":\"https:\\\/\\\/sopenabarcelona.org\\\/es\\\/#\\\/schema\\\/logo\\\/image\\\/\"}}]}<\/script>\n<!-- \/ Yoast SEO plugin. -->","yoast_head_json":{"title":"edc-diagnosis-herramientas - Escola Sope\u00f1a Barcelona","robots":{"index":"index","follow":"follow","max-snippet":"max-snippet:-1","max-image-preview":"max-image-preview:large","max-video-preview":"max-video-preview:-1"},"canonical":"https:\/\/sopenabarcelona.org\/es\/la-escuela\/edc-diagnosis-herramientas\/","og_locale":"es_ES","og_type":"article","og_title":"edc-diagnosis-herramientas - Escola Sope\u00f1a Barcelona","og_description":"Herramientas de diagnosis La aplicaci\u00f3n SELFIE est\u00e1 desarrollada por la Uni\u00f3n Europea y ayuda a los centros a realizar un diagn\u00f3stico sobre el uso pedag\u00f3gico de la tecnolog\u00eda en un centro. Herramienta SELFIE Formulario para las familias En este enlace encontrar\u00e1 el recurso Selfie y la informaci\u00f3n sobre su funcionamiento. En este otro, encontrar\u00e1 la&hellip;","og_url":"https:\/\/sopenabarcelona.org\/es\/la-escuela\/edc-diagnosis-herramientas\/","og_site_name":"Escola Sope\u00f1a Barcelona","article_modified_time":"2024-07-23T09:18:17+00:00","og_image":[{"width":300,"height":301,"url":"https:\/\/sopenabarcelona.org\/wp-content\/uploads\/2021\/11\/Dolores-Sopena.png","type":"image\/png"}],"twitter_card":"summary_large_image","schema":{"@context":"https:\/\/schema.org","@graph":[{"@type":"WebPage","@id":"https:\/\/sopenabarcelona.org\/es\/la-escuela\/edc-diagnosis-herramientas\/","url":"https:\/\/sopenabarcelona.org\/es\/la-escuela\/edc-diagnosis-herramientas\/","name":"edc-diagnosis-herramientas - Escola Sope\u00f1a Barcelona","isPartOf":{"@id":"https:\/\/sopenabarcelona.org\/es\/#website"},"primaryImageOfPage":{"@id":"https:\/\/sopenabarcelona.org\/es\/la-escuela\/edc-diagnosis-herramientas\/#primaryimage"},"image":{"@id":"https:\/\/sopenabarcelona.org\/es\/la-escuela\/edc-diagnosis-herramientas\/#primaryimage"},"thumbnailUrl":"https:\/\/sopenabarcelona.org\/wp-content\/uploads\/2021\/11\/Dolores-Sopena.png","datePublished":"2024-07-11T09:27:32+00:00","dateModified":"2024-07-23T09:18:17+00:00","breadcrumb":{"@id":"https:\/\/sopenabarcelona.org\/es\/la-escuela\/edc-diagnosis-herramientas\/#breadcrumb"},"inLanguage":"es","potentialAction":[{"@type":"ReadAction","target":["https:\/\/sopenabarcelona.org\/es\/la-escuela\/edc-diagnosis-herramientas\/"]}]},{"@type":"ImageObject","inLanguage":"es","@id":"https:\/\/sopenabarcelona.org\/es\/la-escuela\/edc-diagnosis-herramientas\/#primaryimage","url":"https:\/\/sopenabarcelona.org\/wp-content\/uploads\/2021\/11\/Dolores-Sopena.png","contentUrl":"https:\/\/sopenabarcelona.org\/wp-content\/uploads\/2021\/11\/Dolores-Sopena.png","width":300,"height":301},{"@type":"BreadcrumbList","@id":"https:\/\/sopenabarcelona.org\/es\/la-escuela\/edc-diagnosis-herramientas\/#breadcrumb","itemListElement":[{"@type":"ListItem","position":1,"name":"Inici","item":"https:\/\/sopenabarcelona.org\/es\/"},{"@type":"ListItem","position":2,"name":"La escuela","item":"https:\/\/sopenabarcelona.org\/es\/la-nostra-escola\/"},{"@type":"ListItem","position":3,"name":"edc-diagnosis-herramientas"}]},{"@type":"WebSite","@id":"https:\/\/sopenabarcelona.org\/es\/#website","url":"https:\/\/sopenabarcelona.org\/es\/","name":"Escola Sope\u00f1a Barcelona","description":"Escola d&#039;ESO i Formaci\u00f3 Professional","publisher":{"@id":"https:\/\/sopenabarcelona.org\/es\/#organization"},"potentialAction":[{"@type":"SearchAction","target":{"@type":"EntryPoint","urlTemplate":"https:\/\/sopenabarcelona.org\/es\/?s={search_term_string}"},"query-input":{"@type":"PropertyValueSpecification","valueRequired":true,"valueName":"search_term_string"}}],"inLanguage":"es"},{"@type":"Organization","@id":"https:\/\/sopenabarcelona.org\/es\/#organization","name":"Escola Sope\u00f1a Barcelona","url":"https:\/\/sopenabarcelona.org\/es\/","logo":{"@type":"ImageObject","inLanguage":"es","@id":"https:\/\/sopenabarcelona.org\/es\/#\/schema\/logo\/image\/","url":"https:\/\/sopenabarcelona.org\/wp-content\/uploads\/2022\/03\/Fundacio-Dolores-Sopena-1-1.png","contentUrl":"https:\/\/sopenabarcelona.org\/wp-content\/uploads\/2022\/03\/Fundacio-Dolores-Sopena-1-1.png","width":250,"height":93,"caption":"Escola Sope\u00f1a Barcelona"},"image":{"@id":"https:\/\/sopenabarcelona.org\/es\/#\/schema\/logo\/image\/"}}]}},"_links":{"self":[{"href":"https:\/\/sopenabarcelona.org\/es\/wp-json\/wp\/v2\/pages\/20928","targetHints":{"allow":["GET"]}}],"collection":[{"href":"https:\/\/sopenabarcelona.org\/es\/wp-json\/wp\/v2\/pages"}],"about":[{"href":"https:\/\/sopenabarcelona.org\/es\/wp-json\/wp\/v2\/types\/page"}],"author":[{"embeddable":true,"href":"https:\/\/sopenabarcelona.org\/es\/wp-json\/wp\/v2\/users\/3"}],"replies":[{"embeddable":true,"href":"https:\/\/sopenabarcelona.org\/es\/wp-json\/wp\/v2\/comments?post=20928"}],"version-history":[{"count":1,"href":"https:\/\/sopenabarcelona.org\/es\/wp-json\/wp\/v2\/pages\/20928\/revisions"}],"predecessor-version":[{"id":20929,"href":"https:\/\/sopenabarcelona.org\/es\/wp-json\/wp\/v2\/pages\/20928\/revisions\/20929"}],"up":[{"embeddable":true,"href":"https:\/\/sopenabarcelona.org\/es\/wp-json\/wp\/v2\/pages\/11299"}],"wp:featuredmedia":[{"embeddable":true,"href":"https:\/\/sopenabarcelona.org\/es\/wp-json\/wp\/v2\/media\/10418"}],"wp:attachment":[{"href":"https:\/\/sopenabarcelona.org\/es\/wp-json\/wp\/v2\/media?parent=20928"}],"curies":[{"name":"wp","href":"https:\/\/api.w.org\/{rel}","templated":true}]}}